{"id":107,"date":"2024-12-20T10:51:25","date_gmt":"2024-12-20T10:51:25","guid":{"rendered":"https:\/\/www.kairanvaellus.fi\/?page_id=107"},"modified":"2026-04-07T11:42:12","modified_gmt":"2026-04-07T11:42:12","slug":"eraopas-retkien-takana","status":"publish","type":"page","link":"https:\/\/www.kairanvaellus.fi\/?page_id=107","title":{"rendered":"Er\u00e4opas"},"content":{"rendered":"\n<div class=\"wp-block-columns is-layout-flex wp-container-core-columns-is-layout-9d6595d7 wp-block-columns-is-layout-flex\">\n<div class=\"wp-block-column is-layout-flow wp-block-column-is-layout-flow\">\n<figure class=\"wp-block-image size-large is-resized\"><img loading=\"lazy\" decoding=\"async\" width=\"1024\" height=\"980\" src=\"https:\/\/www.kairanvaellus.fi\/wp-content\/uploads\/2025\/08\/omakuva-ei-taustaa-pienennetty-2-1024x980.jpg\" alt=\"er\u00e4opas. ohjatut vaellukset. Ohjattu vaellus. Opastettu vaellus.\" class=\"wp-image-229\" style=\"width:377px;height:auto\" srcset=\"https:\/\/www.kairanvaellus.fi\/wp-content\/uploads\/2025\/08\/omakuva-ei-taustaa-pienennetty-2-1024x980.jpg 1024w, https:\/\/www.kairanvaellus.fi\/wp-content\/uploads\/2025\/08\/omakuva-ei-taustaa-pienennetty-2-300x287.jpg 300w, https:\/\/www.kairanvaellus.fi\/wp-content\/uploads\/2025\/08\/omakuva-ei-taustaa-pienennetty-2-768x735.jpg 768w, https:\/\/www.kairanvaellus.fi\/wp-content\/uploads\/2025\/08\/omakuva-ei-taustaa-pienennetty-2.jpg 1499w\" sizes=\"auto, (max-width: 1024px) 100vw, 1024px\" \/><\/figure>\n\n\n\n<p class=\"has-text-align-center has-medium-font-size\"><a href=\"https:\/\/www.kairanvaellus.fi\/?page_id=53\" type=\"link\" id=\"https:\/\/www.kairanvaellus.fi\/?page_id=53\">Klikkaa linkki\u00e4 ja tutustu paikkoihin joissa tykk\u00e4\u00e4n patikoida ja vaeltaa<\/a>. En ole listannut siihen kaikkia vaelluskohteita, vaan ainoastaan ne, jotka ovat puhutelleet minua eniten. Joissain n\u00e4ist\u00e4 olen k\u00e4ynyt kerran tai kaksi, ja jossain parikymment\u00e4kin kertaa. Vaelluskohteet tuntuu vaihtuvan hieman vuodesta toiseen, vaikka tuttuihin paikkoihin on aina mukava palata.<\/p>\n<\/div>\n\n\n\n<div class=\"wp-block-column is-layout-flow wp-block-column-is-layout-flow\">\n<p class=\"has-text-align-center has-medium-font-size\">Oma motivaationi liikkua luonnossa on rauhan ja luonnon kauneudesta nauttimisessa ja luonnon kunnioittamisessa. Haluan jakaa ohjatuilla vaelluksilla omia kokemuksiani ja osaamistani ja siten vahvistaa osallistujien omaa osaamista. <\/p>\n\n\n\n<p class=\"has-text-align-center has-medium-font-size\">Kokemusta Lapin kansallispuistoista ja er\u00e4maista l\u00f6ytyy pian kahdenkymmenen vuoden ajalta, lyhyemmilt\u00e4 ja pidemmilt\u00e4 patikoinneilta. <\/p>\n\n\n\n<p class=\"has-text-align-center has-medium-font-size\">Tykk\u00e4\u00e4n liikkua luonnossa kaikkina vuodenaikoina, eik\u00e4 minulla oikeastaan ole suosikkivuodenaikaa. T\u00e4\u00e4ll\u00e4 Lapissa saa onneksi viel\u00e4 nauttia kaikesta kahdeksasta vuodenajasta, kuten on tapana sanoa. Oma sielunmaisemani l\u00f6ytyy m\u00e4ntykankailta ja aihkimetsist\u00e4, mutta my\u00f6s avotuntuturit puhuttelevat ja syv\u00e4lt\u00e4.<\/p>\n\n\n\n<p class=\"has-text-align-center has-medium-font-size\">Hiihtovaelluksiin hurahdin kymmenen vuotta sitten. Hiihtovaellus kaamosaikaan on jotain, mit\u00e4 ei pysty sanoin tai kuvin jakamaan, se pit\u00e4\u00e4 itse kokea.<\/p>\n\n\n\n<p class=\"has-text-align-center has-medium-font-size\">Turvallisuus ja kiireett\u00f6myys kuvaa parhaiten opastettuja vaelluksiani. L\u00e4hde siis osaavan oppaan matkaan.<\/p>\n\n\n\n<p class=\"has-text-align-center\"><\/p>\n<\/div>\n<\/div>\n","protected":false},"excerpt":{"rendered":"<p>Klikkaa linkki\u00e4 ja tutustu paikkoihin joissa tykk\u00e4\u00e4n patikoida ja vaeltaa. En ole listannut siihen kaikkia vaelluskohteita, vaan ainoastaan ne, jotka ovat puhutelleet minua eniten. Joissain n\u00e4ist\u00e4 olen k\u00e4ynyt kerran tai kaksi, ja jossain parikymment\u00e4kin kertaa. Vaelluskohteet tuntuu vaihtuvan hieman vuodesta toiseen, vaikka tuttuihin paikkoihin on aina mukava palata. Oma motivaationi liikkua luonnossa on rauhan ja [&hellip;]<\/p>\n","protected":false},"author":1,"featured_media":0,"parent":0,"menu_order":0,"comment_status":"closed","ping_status":"closed","template":"","meta":{"footnotes":""},"class_list":["post-107","page","type-page","status-publish","czr-hentry"],"yoast_head":"<!-- This site is optimized with the Yoast SEO plugin v27.3 - https:\/\/yoast.com\/product\/yoast-seo-wordpress\/ -->\n<title>Er\u00e4opas - Kairanvaellus<\/title>\n<meta name=\"description\" content=\"Er\u00e4opas, joka on kokenut luonnossa liikkuja joka hurahtanut Lapin er\u00e4maihin ja kansallispuistoihin. Er\u00e4opaspalvelut Lapin alueella.\" \/>\n<meta name=\"robots\" content=\"index, follow, max-snippet:-1, max-image-preview:large, max-video-preview:-1\" \/>\n<link rel=\"canonical\" href=\"https:\/\/www.kairanvaellus.fi\/?page_id=107\" \/>\n<meta property=\"og:locale\" content=\"fi_FI\" \/>\n<meta property=\"og:type\" content=\"article\" \/>\n<meta property=\"og:title\" content=\"Er\u00e4opas - Kairanvaellus\" \/>\n<meta property=\"og:description\" content=\"Er\u00e4opas, joka on kokenut luonnossa liikkuja joka hurahtanut Lapin er\u00e4maihin ja kansallispuistoihin. Er\u00e4opaspalvelut Lapin alueella.\" \/>\n<meta property=\"og:url\" content=\"https:\/\/www.kairanvaellus.fi\/?page_id=107\" \/>\n<meta property=\"og:site_name\" content=\"Kairanvaellus\" \/>\n<meta property=\"article:modified_time\" content=\"2026-04-07T11:42:12+00:00\" \/>\n<meta property=\"og:image\" content=\"https:\/\/www.kairanvaellus.fi\/wp-content\/uploads\/2025\/08\/omakuva-ei-taustaa-pienennetty-2.jpg\" \/>\n\t<meta property=\"og:image:width\" content=\"1499\" \/>\n\t<meta property=\"og:image:height\" content=\"1435\" \/>\n\t<meta property=\"og:image:type\" content=\"image\/jpeg\" \/>\n<meta name=\"twitter:card\" content=\"summary_large_image\" \/>\n<meta name=\"twitter:label1\" content=\"Arvioitu lukuaika\" \/>\n\t<meta name=\"twitter:data1\" content=\"2 minuuttia\" \/>\n<script type=\"application\/ld+json\" class=\"yoast-schema-graph\">{\"@context\":\"https:\\\/\\\/schema.org\",\"@graph\":[{\"@type\":\"WebPage\",\"@id\":\"https:\\\/\\\/www.kairanvaellus.fi\\\/?page_id=107\",\"url\":\"https:\\\/\\\/www.kairanvaellus.fi\\\/?page_id=107\",\"name\":\"Er\u00e4opas - Kairanvaellus\",\"isPartOf\":{\"@id\":\"https:\\\/\\\/www.kairanvaellus.fi\\\/#website\"},\"primaryImageOfPage\":{\"@id\":\"https:\\\/\\\/www.kairanvaellus.fi\\\/?page_id=107#primaryimage\"},\"image\":{\"@id\":\"https:\\\/\\\/www.kairanvaellus.fi\\\/?page_id=107#primaryimage\"},\"thumbnailUrl\":\"https:\\\/\\\/www.kairanvaellus.fi\\\/wp-content\\\/uploads\\\/2025\\\/08\\\/omakuva-ei-taustaa-pienennetty-2-1024x980.jpg\",\"datePublished\":\"2024-12-20T10:51:25+00:00\",\"dateModified\":\"2026-04-07T11:42:12+00:00\",\"description\":\"Er\u00e4opas, joka on kokenut luonnossa liikkuja joka hurahtanut Lapin er\u00e4maihin ja kansallispuistoihin. Er\u00e4opaspalvelut Lapin alueella.\",\"breadcrumb\":{\"@id\":\"https:\\\/\\\/www.kairanvaellus.fi\\\/?page_id=107#breadcrumb\"},\"inLanguage\":\"fi\",\"potentialAction\":[{\"@type\":\"ReadAction\",\"target\":[\"https:\\\/\\\/www.kairanvaellus.fi\\\/?page_id=107\"]}]},{\"@type\":\"ImageObject\",\"inLanguage\":\"fi\",\"@id\":\"https:\\\/\\\/www.kairanvaellus.fi\\\/?page_id=107#primaryimage\",\"url\":\"https:\\\/\\\/www.kairanvaellus.fi\\\/wp-content\\\/uploads\\\/2025\\\/08\\\/omakuva-ei-taustaa-pienennetty-2.jpg\",\"contentUrl\":\"https:\\\/\\\/www.kairanvaellus.fi\\\/wp-content\\\/uploads\\\/2025\\\/08\\\/omakuva-ei-taustaa-pienennetty-2.jpg\",\"width\":1499,\"height\":1435},{\"@type\":\"BreadcrumbList\",\"@id\":\"https:\\\/\\\/www.kairanvaellus.fi\\\/?page_id=107#breadcrumb\",\"itemListElement\":[{\"@type\":\"ListItem\",\"position\":1,\"name\":\"Etusivu\",\"item\":\"https:\\\/\\\/www.kairanvaellus.fi\\\/\"},{\"@type\":\"ListItem\",\"position\":2,\"name\":\"Er\u00e4opas\"}]},{\"@type\":\"WebSite\",\"@id\":\"https:\\\/\\\/www.kairanvaellus.fi\\\/#website\",\"url\":\"https:\\\/\\\/www.kairanvaellus.fi\\\/\",\"name\":\"Kairanvaellus\",\"description\":\"Opastetut vaellukset Lapin er&auml;mailla ja kansallispuistoissa\",\"alternateName\":\"Kairanvaellus\",\"potentialAction\":[{\"@type\":\"SearchAction\",\"target\":{\"@type\":\"EntryPoint\",\"urlTemplate\":\"https:\\\/\\\/www.kairanvaellus.fi\\\/?s={search_term_string}\"},\"query-input\":{\"@type\":\"PropertyValueSpecification\",\"valueRequired\":true,\"valueName\":\"search_term_string\"}}],\"inLanguage\":\"fi\"}]}<\/script>\n<!-- \/ Yoast SEO plugin. -->","yoast_head_json":{"title":"Er\u00e4opas - Kairanvaellus","description":"Er\u00e4opas, joka on kokenut luonnossa liikkuja joka hurahtanut Lapin er\u00e4maihin ja kansallispuistoihin. Er\u00e4opaspalvelut Lapin alueella.","robots":{"index":"index","follow":"follow","max-snippet":"max-snippet:-1","max-image-preview":"max-image-preview:large","max-video-preview":"max-video-preview:-1"},"canonical":"https:\/\/www.kairanvaellus.fi\/?page_id=107","og_locale":"fi_FI","og_type":"article","og_title":"Er\u00e4opas - Kairanvaellus","og_description":"Er\u00e4opas, joka on kokenut luonnossa liikkuja joka hurahtanut Lapin er\u00e4maihin ja kansallispuistoihin. Er\u00e4opaspalvelut Lapin alueella.","og_url":"https:\/\/www.kairanvaellus.fi\/?page_id=107","og_site_name":"Kairanvaellus","article_modified_time":"2026-04-07T11:42:12+00:00","og_image":[{"width":1499,"height":1435,"url":"https:\/\/www.kairanvaellus.fi\/wp-content\/uploads\/2025\/08\/omakuva-ei-taustaa-pienennetty-2.jpg","type":"image\/jpeg"}],"twitter_card":"summary_large_image","twitter_misc":{"Arvioitu lukuaika":"2 minuuttia"},"schema":{"@context":"https:\/\/schema.org","@graph":[{"@type":"WebPage","@id":"https:\/\/www.kairanvaellus.fi\/?page_id=107","url":"https:\/\/www.kairanvaellus.fi\/?page_id=107","name":"Er\u00e4opas - Kairanvaellus","isPartOf":{"@id":"https:\/\/www.kairanvaellus.fi\/#website"},"primaryImageOfPage":{"@id":"https:\/\/www.kairanvaellus.fi\/?page_id=107#primaryimage"},"image":{"@id":"https:\/\/www.kairanvaellus.fi\/?page_id=107#primaryimage"},"thumbnailUrl":"https:\/\/www.kairanvaellus.fi\/wp-content\/uploads\/2025\/08\/omakuva-ei-taustaa-pienennetty-2-1024x980.jpg","datePublished":"2024-12-20T10:51:25+00:00","dateModified":"2026-04-07T11:42:12+00:00","description":"Er\u00e4opas, joka on kokenut luonnossa liikkuja joka hurahtanut Lapin er\u00e4maihin ja kansallispuistoihin. Er\u00e4opaspalvelut Lapin alueella.","breadcrumb":{"@id":"https:\/\/www.kairanvaellus.fi\/?page_id=107#breadcrumb"},"inLanguage":"fi","potentialAction":[{"@type":"ReadAction","target":["https:\/\/www.kairanvaellus.fi\/?page_id=107"]}]},{"@type":"ImageObject","inLanguage":"fi","@id":"https:\/\/www.kairanvaellus.fi\/?page_id=107#primaryimage","url":"https:\/\/www.kairanvaellus.fi\/wp-content\/uploads\/2025\/08\/omakuva-ei-taustaa-pienennetty-2.jpg","contentUrl":"https:\/\/www.kairanvaellus.fi\/wp-content\/uploads\/2025\/08\/omakuva-ei-taustaa-pienennetty-2.jpg","width":1499,"height":1435},{"@type":"BreadcrumbList","@id":"https:\/\/www.kairanvaellus.fi\/?page_id=107#breadcrumb","itemListElement":[{"@type":"ListItem","position":1,"name":"Etusivu","item":"https:\/\/www.kairanvaellus.fi\/"},{"@type":"ListItem","position":2,"name":"Er\u00e4opas"}]},{"@type":"WebSite","@id":"https:\/\/www.kairanvaellus.fi\/#website","url":"https:\/\/www.kairanvaellus.fi\/","name":"Kairanvaellus","description":"Opastetut vaellukset Lapin er&auml;mailla ja kansallispuistoissa","alternateName":"Kairanvaellus","potentialAction":[{"@type":"SearchAction","target":{"@type":"EntryPoint","urlTemplate":"https:\/\/www.kairanvaellus.fi\/?s={search_term_string}"},"query-input":{"@type":"PropertyValueSpecification","valueRequired":true,"valueName":"search_term_string"}}],"inLanguage":"fi"}]}},"_links":{"self":[{"href":"https:\/\/www.kairanvaellus.fi\/index.php?rest_route=\/wp\/v2\/pages\/107","targetHints":{"allow":["GET"]}}],"collection":[{"href":"https:\/\/www.kairanvaellus.fi\/index.php?rest_route=\/wp\/v2\/pages"}],"about":[{"href":"https:\/\/www.kairanvaellus.fi\/index.php?rest_route=\/wp\/v2\/types\/page"}],"author":[{"embeddable":true,"href":"https:\/\/www.kairanvaellus.fi\/index.php?rest_route=\/wp\/v2\/users\/1"}],"replies":[{"embeddable":true,"href":"https:\/\/www.kairanvaellus.fi\/index.php?rest_route=%2Fwp%2Fv2%2Fcomments&post=107"}],"version-history":[{"count":28,"href":"https:\/\/www.kairanvaellus.fi\/index.php?rest_route=\/wp\/v2\/pages\/107\/revisions"}],"predecessor-version":[{"id":853,"href":"https:\/\/www.kairanvaellus.fi\/index.php?rest_route=\/wp\/v2\/pages\/107\/revisions\/853"}],"wp:attachment":[{"href":"https:\/\/www.kairanvaellus.fi\/index.php?rest_route=%2Fwp%2Fv2%2Fmedia&parent=107"}],"curies":[{"name":"wp","href":"https:\/\/api.w.org\/{rel}","templated":true}]}}