{"id":112,"date":"2024-12-21T07:50:49","date_gmt":"2024-12-21T07:50:49","guid":{"rendered":"https:\/\/www.kairanvaellus.fi\/?page_id=112"},"modified":"2026-02-26T10:16:33","modified_gmt":"2026-02-26T10:16:33","slug":"paistunturi-ohjattu-vaellus-opastettu-lappi-vaellus-kairanvaellus","status":"publish","type":"page","link":"https:\/\/www.kairanvaellus.fi\/?page_id=112","title":{"rendered":"Paistunturi"},"content":{"rendered":"\n<p class=\"has-white-color has-text-color has-link-color wp-elements-3fa1c580f8577964e577fa7e4a7c0d56\">Ohjattu vaellus paistunturi. Ohjatut vaellukset lapissa.<\/p>\n\n\n\n<p>Paistunturi on paikka, jossa todenn\u00e4k\u00f6isesti tulet j\u00e4\u00e4m\u00e4\u00e4n koukkuun avotunturissa vaeltamiseen. Pienen alkuponnistuksen j\u00e4lkeen oletkin jo saapunut avonaiseen maastoon, jossa lyhyenl\u00e4nn\u00e4t koivut muodostaa avotunturin \u201dsavannin\u201d. Paistunturi on paikka, jossa rauha on taattu. Jos siell\u00e4 n\u00e4kee toisen kulkijan, niin todenn\u00e4k\u00f6isesti ette osu edes huutoet\u00e4isyydelle.<\/p>\n\n\n\n<figure class=\"wp-block-image size-large is-style-rounded\"><img loading=\"lazy\" decoding=\"async\" width=\"1024\" height=\"403\" src=\"https:\/\/www.kairanvaellus.fi\/wp-content\/uploads\/2024\/12\/20230905_150704-e1735023281917-1024x403.jpg\" alt=\"\" class=\"wp-image-170\" srcset=\"https:\/\/www.kairanvaellus.fi\/wp-content\/uploads\/2024\/12\/20230905_150704-e1735023281917-1024x403.jpg 1024w, https:\/\/www.kairanvaellus.fi\/wp-content\/uploads\/2024\/12\/20230905_150704-e1735023281917-300x118.jpg 300w, https:\/\/www.kairanvaellus.fi\/wp-content\/uploads\/2024\/12\/20230905_150704-e1735023281917-768x303.jpg 768w, https:\/\/www.kairanvaellus.fi\/wp-content\/uploads\/2024\/12\/20230905_150704-e1735023281917-1536x605.jpg 1536w, https:\/\/www.kairanvaellus.fi\/wp-content\/uploads\/2024\/12\/20230905_150704-e1735023281917.jpg 1853w\" sizes=\"auto, (max-width: 1024px) 100vw, 1024px\" \/><\/figure>\n\n\n\n<p>Alueella on jonkin verran vanhoja tulipaikkoja, jotka toimivat hyvin leiripaikkoina. Polttopuita tosin ei ole, mutta seh\u00e4n ei haittaa. Paistunturilla ei ole retkeilyrakenteita, joten t\u00e4\u00e4ll\u00e4 olet todella omillasi. Paistunturi on paikkoja, jossa itse olen juonut aina suoraan puroista, ilman mit\u00e4\u00e4n sivuvaikutuksia.<\/p>\n\n\n\n<figure class=\"wp-block-image size-large is-style-rounded\"><img loading=\"lazy\" decoding=\"async\" width=\"1024\" height=\"461\" src=\"https:\/\/www.kairanvaellus.fi\/wp-content\/uploads\/2024\/12\/20241224_085627-1024x461.jpg\" alt=\"\" class=\"wp-image-172\" srcset=\"https:\/\/www.kairanvaellus.fi\/wp-content\/uploads\/2024\/12\/20241224_085627-1024x461.jpg 1024w, https:\/\/www.kairanvaellus.fi\/wp-content\/uploads\/2024\/12\/20241224_085627-300x135.jpg 300w, https:\/\/www.kairanvaellus.fi\/wp-content\/uploads\/2024\/12\/20241224_085627-768x346.jpg 768w, https:\/\/www.kairanvaellus.fi\/wp-content\/uploads\/2024\/12\/20241224_085627-1536x691.jpg 1536w, https:\/\/www.kairanvaellus.fi\/wp-content\/uploads\/2024\/12\/20241224_085627-1110x500.jpg 1110w, https:\/\/www.kairanvaellus.fi\/wp-content\/uploads\/2024\/12\/20241224_085627.jpg 1600w\" sizes=\"auto, (max-width: 1024px) 100vw, 1024px\" \/><\/figure>\n\n\n\n<p class=\"has-text-align-center\" style=\"font-size:17px\">Kahden oman pidemm\u00e4n vaelluksen j\u00e4lkeen Paistunturi on paikka, jossa haluan tulevaisuudessa liikkua enemm\u00e4nkin. Ohjatut vaellukset alkavat t\u00e4\u00e4ll\u00e4 syksyll\u00e4 2026.<\/p>\n\n\n\n<p class=\"has-text-align-center\"><a href=\"https:\/\/www.kairanvaellus.fi\/?page_id=277\">Paistunturin ohjattu vaellus vuorossa syksyll\u00e4 2026. <\/a><\/p>\n","protected":false},"excerpt":{"rendered":"<p>Ohjattu vaellus paistunturi. Ohjatut vaellukset lapissa. Paistunturi on paikka, jossa todenn\u00e4k\u00f6isesti tulet j\u00e4\u00e4m\u00e4\u00e4n koukkuun avotunturissa vaeltamiseen. Pienen alkuponnistuksen j\u00e4lkeen oletkin jo saapunut avonaiseen maastoon, jossa lyhyenl\u00e4nn\u00e4t koivut muodostaa avotunturin \u201dsavannin\u201d. Paistunturi on paikka, jossa rauha on taattu. Jos siell\u00e4 n\u00e4kee toisen kulkijan, niin todenn\u00e4k\u00f6isesti ette osu edes huutoet\u00e4isyydelle. Alueella on jonkin verran vanhoja tulipaikkoja, jotka [&hellip;]<\/p>\n","protected":false},"author":1,"featured_media":0,"parent":0,"menu_order":0,"comment_status":"closed","ping_status":"closed","template":"","meta":{"footnotes":""},"class_list":["post-112","page","type-page","status-publish","czr-hentry"],"yoast_head":"<!-- This site is optimized with the Yoast SEO plugin v27.3 - https:\/\/yoast.com\/product\/yoast-seo-wordpress\/ -->\n<title>Paistunturi - Kairanvaellus<\/title>\n<meta name=\"description\" content=\"Paistunturin rauhaa kannattaa l\u00e4hte\u00e4 kokemaan. Ohjattu vaellus luvassa syksyll\u00e4 2026. Avotunturia silm\u00e4n kantamattomiin. L\u00e4hde mukaan.\" \/>\n<meta name=\"robots\" content=\"index, follow, max-snippet:-1, max-image-preview:large, max-video-preview:-1\" \/>\n<link rel=\"canonical\" href=\"https:\/\/www.kairanvaellus.fi\/?page_id=112\" \/>\n<meta property=\"og:locale\" content=\"fi_FI\" \/>\n<meta property=\"og:type\" content=\"article\" \/>\n<meta property=\"og:title\" content=\"Paistunturi - Kairanvaellus\" \/>\n<meta property=\"og:description\" content=\"Paistunturin rauhaa kannattaa l\u00e4hte\u00e4 kokemaan. Ohjattu vaellus luvassa syksyll\u00e4 2026. Avotunturia silm\u00e4n kantamattomiin. L\u00e4hde mukaan.\" \/>\n<meta property=\"og:url\" content=\"https:\/\/www.kairanvaellus.fi\/?page_id=112\" \/>\n<meta property=\"og:site_name\" content=\"Kairanvaellus\" \/>\n<meta property=\"article:modified_time\" content=\"2026-02-26T10:16:33+00:00\" \/>\n<meta property=\"og:image\" content=\"https:\/\/www.kairanvaellus.fi\/wp-content\/uploads\/2024\/12\/20230905_150704-e1735023281917.jpg\" \/>\n\t<meta property=\"og:image:width\" content=\"1853\" \/>\n\t<meta property=\"og:image:height\" content=\"730\" \/>\n\t<meta property=\"og:image:type\" content=\"image\/jpeg\" \/>\n<meta name=\"twitter:card\" content=\"summary_large_image\" \/>\n<meta name=\"twitter:label1\" content=\"Arvioitu lukuaika\" \/>\n\t<meta name=\"twitter:data1\" content=\"2 minuuttia\" \/>\n<script type=\"application\/ld+json\" class=\"yoast-schema-graph\">{\"@context\":\"https:\\\/\\\/schema.org\",\"@graph\":[{\"@type\":\"WebPage\",\"@id\":\"https:\\\/\\\/www.kairanvaellus.fi\\\/?page_id=112\",\"url\":\"https:\\\/\\\/www.kairanvaellus.fi\\\/?page_id=112\",\"name\":\"Paistunturi - Kairanvaellus\",\"isPartOf\":{\"@id\":\"https:\\\/\\\/www.kairanvaellus.fi\\\/#website\"},\"primaryImageOfPage\":{\"@id\":\"https:\\\/\\\/www.kairanvaellus.fi\\\/?page_id=112#primaryimage\"},\"image\":{\"@id\":\"https:\\\/\\\/www.kairanvaellus.fi\\\/?page_id=112#primaryimage\"},\"thumbnailUrl\":\"https:\\\/\\\/www.kairanvaellus.fi\\\/wp-content\\\/uploads\\\/2024\\\/12\\\/20230905_150704-e1735023281917-1024x403.jpg\",\"datePublished\":\"2024-12-21T07:50:49+00:00\",\"dateModified\":\"2026-02-26T10:16:33+00:00\",\"description\":\"Paistunturin rauhaa kannattaa l\u00e4hte\u00e4 kokemaan. Ohjattu vaellus luvassa syksyll\u00e4 2026. Avotunturia silm\u00e4n kantamattomiin. L\u00e4hde mukaan.\",\"breadcrumb\":{\"@id\":\"https:\\\/\\\/www.kairanvaellus.fi\\\/?page_id=112#breadcrumb\"},\"inLanguage\":\"fi\",\"potentialAction\":[{\"@type\":\"ReadAction\",\"target\":[\"https:\\\/\\\/www.kairanvaellus.fi\\\/?page_id=112\"]}]},{\"@type\":\"ImageObject\",\"inLanguage\":\"fi\",\"@id\":\"https:\\\/\\\/www.kairanvaellus.fi\\\/?page_id=112#primaryimage\",\"url\":\"https:\\\/\\\/www.kairanvaellus.fi\\\/wp-content\\\/uploads\\\/2024\\\/12\\\/20230905_150704-e1735023281917.jpg\",\"contentUrl\":\"https:\\\/\\\/www.kairanvaellus.fi\\\/wp-content\\\/uploads\\\/2024\\\/12\\\/20230905_150704-e1735023281917.jpg\",\"width\":1853,\"height\":730},{\"@type\":\"BreadcrumbList\",\"@id\":\"https:\\\/\\\/www.kairanvaellus.fi\\\/?page_id=112#breadcrumb\",\"itemListElement\":[{\"@type\":\"ListItem\",\"position\":1,\"name\":\"Etusivu\",\"item\":\"https:\\\/\\\/www.kairanvaellus.fi\\\/\"},{\"@type\":\"ListItem\",\"position\":2,\"name\":\"Paistunturi\"}]},{\"@type\":\"WebSite\",\"@id\":\"https:\\\/\\\/www.kairanvaellus.fi\\\/#website\",\"url\":\"https:\\\/\\\/www.kairanvaellus.fi\\\/\",\"name\":\"Kairanvaellus\",\"description\":\"Opastetut vaellukset Lapin er&auml;mailla ja kansallispuistoissa\",\"alternateName\":\"Kairanvaellus\",\"potentialAction\":[{\"@type\":\"SearchAction\",\"target\":{\"@type\":\"EntryPoint\",\"urlTemplate\":\"https:\\\/\\\/www.kairanvaellus.fi\\\/?s={search_term_string}\"},\"query-input\":{\"@type\":\"PropertyValueSpecification\",\"valueRequired\":true,\"valueName\":\"search_term_string\"}}],\"inLanguage\":\"fi\"}]}<\/script>\n<!-- \/ Yoast SEO plugin. -->","yoast_head_json":{"title":"Paistunturi - Kairanvaellus","description":"Paistunturin rauhaa kannattaa l\u00e4hte\u00e4 kokemaan. Ohjattu vaellus luvassa syksyll\u00e4 2026. Avotunturia silm\u00e4n kantamattomiin. L\u00e4hde mukaan.","robots":{"index":"index","follow":"follow","max-snippet":"max-snippet:-1","max-image-preview":"max-image-preview:large","max-video-preview":"max-video-preview:-1"},"canonical":"https:\/\/www.kairanvaellus.fi\/?page_id=112","og_locale":"fi_FI","og_type":"article","og_title":"Paistunturi - Kairanvaellus","og_description":"Paistunturin rauhaa kannattaa l\u00e4hte\u00e4 kokemaan. Ohjattu vaellus luvassa syksyll\u00e4 2026. Avotunturia silm\u00e4n kantamattomiin. L\u00e4hde mukaan.","og_url":"https:\/\/www.kairanvaellus.fi\/?page_id=112","og_site_name":"Kairanvaellus","article_modified_time":"2026-02-26T10:16:33+00:00","og_image":[{"width":1853,"height":730,"url":"https:\/\/www.kairanvaellus.fi\/wp-content\/uploads\/2024\/12\/20230905_150704-e1735023281917.jpg","type":"image\/jpeg"}],"twitter_card":"summary_large_image","twitter_misc":{"Arvioitu lukuaika":"2 minuuttia"},"schema":{"@context":"https:\/\/schema.org","@graph":[{"@type":"WebPage","@id":"https:\/\/www.kairanvaellus.fi\/?page_id=112","url":"https:\/\/www.kairanvaellus.fi\/?page_id=112","name":"Paistunturi - Kairanvaellus","isPartOf":{"@id":"https:\/\/www.kairanvaellus.fi\/#website"},"primaryImageOfPage":{"@id":"https:\/\/www.kairanvaellus.fi\/?page_id=112#primaryimage"},"image":{"@id":"https:\/\/www.kairanvaellus.fi\/?page_id=112#primaryimage"},"thumbnailUrl":"https:\/\/www.kairanvaellus.fi\/wp-content\/uploads\/2024\/12\/20230905_150704-e1735023281917-1024x403.jpg","datePublished":"2024-12-21T07:50:49+00:00","dateModified":"2026-02-26T10:16:33+00:00","description":"Paistunturin rauhaa kannattaa l\u00e4hte\u00e4 kokemaan. Ohjattu vaellus luvassa syksyll\u00e4 2026. Avotunturia silm\u00e4n kantamattomiin. L\u00e4hde mukaan.","breadcrumb":{"@id":"https:\/\/www.kairanvaellus.fi\/?page_id=112#breadcrumb"},"inLanguage":"fi","potentialAction":[{"@type":"ReadAction","target":["https:\/\/www.kairanvaellus.fi\/?page_id=112"]}]},{"@type":"ImageObject","inLanguage":"fi","@id":"https:\/\/www.kairanvaellus.fi\/?page_id=112#primaryimage","url":"https:\/\/www.kairanvaellus.fi\/wp-content\/uploads\/2024\/12\/20230905_150704-e1735023281917.jpg","contentUrl":"https:\/\/www.kairanvaellus.fi\/wp-content\/uploads\/2024\/12\/20230905_150704-e1735023281917.jpg","width":1853,"height":730},{"@type":"BreadcrumbList","@id":"https:\/\/www.kairanvaellus.fi\/?page_id=112#breadcrumb","itemListElement":[{"@type":"ListItem","position":1,"name":"Etusivu","item":"https:\/\/www.kairanvaellus.fi\/"},{"@type":"ListItem","position":2,"name":"Paistunturi"}]},{"@type":"WebSite","@id":"https:\/\/www.kairanvaellus.fi\/#website","url":"https:\/\/www.kairanvaellus.fi\/","name":"Kairanvaellus","description":"Opastetut vaellukset Lapin er&auml;mailla ja kansallispuistoissa","alternateName":"Kairanvaellus","potentialAction":[{"@type":"SearchAction","target":{"@type":"EntryPoint","urlTemplate":"https:\/\/www.kairanvaellus.fi\/?s={search_term_string}"},"query-input":{"@type":"PropertyValueSpecification","valueRequired":true,"valueName":"search_term_string"}}],"inLanguage":"fi"}]}},"_links":{"self":[{"href":"https:\/\/www.kairanvaellus.fi\/index.php?rest_route=\/wp\/v2\/pages\/112","targetHints":{"allow":["GET"]}}],"collection":[{"href":"https:\/\/www.kairanvaellus.fi\/index.php?rest_route=\/wp\/v2\/pages"}],"about":[{"href":"https:\/\/www.kairanvaellus.fi\/index.php?rest_route=\/wp\/v2\/types\/page"}],"author":[{"embeddable":true,"href":"https:\/\/www.kairanvaellus.fi\/index.php?rest_route=\/wp\/v2\/users\/1"}],"replies":[{"embeddable":true,"href":"https:\/\/www.kairanvaellus.fi\/index.php?rest_route=%2Fwp%2Fv2%2Fcomments&post=112"}],"version-history":[{"count":13,"href":"https:\/\/www.kairanvaellus.fi\/index.php?rest_route=\/wp\/v2\/pages\/112\/revisions"}],"predecessor-version":[{"id":662,"href":"https:\/\/www.kairanvaellus.fi\/index.php?rest_route=\/wp\/v2\/pages\/112\/revisions\/662"}],"wp:attachment":[{"href":"https:\/\/www.kairanvaellus.fi\/index.php?rest_route=%2Fwp%2Fv2%2Fmedia&parent=112"}],"curies":[{"name":"wp","href":"https:\/\/api.w.org\/{rel}","templated":true}]}}