{"id":134,"date":"2024-12-21T08:42:30","date_gmt":"2024-12-21T08:42:30","guid":{"rendered":"https:\/\/www.kairanvaellus.fi\/?page_id=134"},"modified":"2024-12-24T08:49:28","modified_gmt":"2024-12-24T08:49:28","slug":"kaldoaivi","status":"publish","type":"page","link":"https:\/\/www.kairanvaellus.fi\/?page_id=134","title":{"rendered":"Kaldoaivi"},"content":{"rendered":"\n<p>Kaldoaivi kuumana! Kes\u00e4kuussa 2023 kuuden p\u00e4iv\u00e4n kuuma reissussa Kaldoaivissa. Ilman isoja ennakko-odotuksia Kaldoaivi t\u00e4ytti paikkansa omassa vaelluskartassani. Avotunturissa voi joutua jos millaisten s\u00e4iden armoille, ja nyt ne toteutui yli 30 asteen l\u00e4mp\u00f6tiloina. <\/p>\n\n\n\n<figure class=\"wp-block-image size-large\"><img loading=\"lazy\" decoding=\"async\" width=\"1024\" height=\"461\" src=\"https:\/\/www.kairanvaellus.fi\/wp-content\/uploads\/2024\/12\/20241224_104421-1024x461.jpg\" alt=\"\" class=\"wp-image-186\" srcset=\"https:\/\/www.kairanvaellus.fi\/wp-content\/uploads\/2024\/12\/20241224_104421-1024x461.jpg 1024w, https:\/\/www.kairanvaellus.fi\/wp-content\/uploads\/2024\/12\/20241224_104421-300x135.jpg 300w, https:\/\/www.kairanvaellus.fi\/wp-content\/uploads\/2024\/12\/20241224_104421-768x346.jpg 768w, https:\/\/www.kairanvaellus.fi\/wp-content\/uploads\/2024\/12\/20241224_104421-1536x691.jpg 1536w, https:\/\/www.kairanvaellus.fi\/wp-content\/uploads\/2024\/12\/20241224_104421-1110x500.jpg 1110w, https:\/\/www.kairanvaellus.fi\/wp-content\/uploads\/2024\/12\/20241224_104421.jpg 1600w\" sizes=\"auto, (max-width: 1024px) 100vw, 1024px\" \/><\/figure>\n\n\n\n<p>Varjoa ei paikkapaikoin l\u00f6ytynyt mist\u00e4\u00e4n ja jos l\u00f6ytyi, niin vaivaisten koivunk\u00e4kk\u00e4r\u00f6iden suojasta.<\/p>\n\n\n\n<p>Paikkana Kaldoaivi on kuitenkin mielenkiitoinen. Siell\u00e4 ei oikein ole mit\u00e4\u00e4n, mutta sitten kuitenkin on. Oma reissuni suuntautui Kolmioon Pulmankij\u00e4rvi \u2013 Njuohkarj\u00e1vri \u2013 Yl\u00e4-Pulmankij\u00e4rvi \u2013 Pulmankij\u00e4rvi.<\/p>\n\n\n\n<figure class=\"wp-block-image size-large\"><img loading=\"lazy\" decoding=\"async\" width=\"1024\" height=\"461\" src=\"https:\/\/www.kairanvaellus.fi\/wp-content\/uploads\/2024\/12\/20241224_104319-1024x461.jpg\" alt=\"\" class=\"wp-image-187\" srcset=\"https:\/\/www.kairanvaellus.fi\/wp-content\/uploads\/2024\/12\/20241224_104319-1024x461.jpg 1024w, https:\/\/www.kairanvaellus.fi\/wp-content\/uploads\/2024\/12\/20241224_104319-300x135.jpg 300w, https:\/\/www.kairanvaellus.fi\/wp-content\/uploads\/2024\/12\/20241224_104319-768x346.jpg 768w, https:\/\/www.kairanvaellus.fi\/wp-content\/uploads\/2024\/12\/20241224_104319-1536x691.jpg 1536w, https:\/\/www.kairanvaellus.fi\/wp-content\/uploads\/2024\/12\/20241224_104319-1110x500.jpg 1110w, https:\/\/www.kairanvaellus.fi\/wp-content\/uploads\/2024\/12\/20241224_104319.jpg 1920w\" sizes=\"auto, (max-width: 1024px) 100vw, 1024px\" \/><\/figure>\n\n\n\n<p>Paikan et\u00e4isyyden vuoksi siell\u00e4 saa varmasti kuljeskella omissa oloissaan. Alueella on jonkin verran vakiintuneita kulku-uria, joita kannattaa hy\u00f6dynt\u00e4\u00e4.<\/p>\n\n\n\n<p>Opastettua vaellusta Kaldoaiviin ei ole suunnitteilla l\u00e4hitulevaisuuteen.<\/p>\n","protected":false},"excerpt":{"rendered":"<p>Kaldoaivi kuumana! Kes\u00e4kuussa 2023 kuuden p\u00e4iv\u00e4n kuuma reissussa Kaldoaivissa. Ilman isoja ennakko-odotuksia Kaldoaivi t\u00e4ytti paikkansa omassa vaelluskartassani. Avotunturissa voi joutua jos millaisten s\u00e4iden armoille, ja nyt ne toteutui yli 30 asteen l\u00e4mp\u00f6tiloina. Varjoa ei paikkapaikoin l\u00f6ytynyt mist\u00e4\u00e4n ja jos l\u00f6ytyi, niin vaivaisten koivunk\u00e4kk\u00e4r\u00f6iden suojasta. Paikkana Kaldoaivi on kuitenkin mielenkiitoinen. Siell\u00e4 ei oikein ole mit\u00e4\u00e4n, mutta [&hellip;]<\/p>\n","protected":false},"author":1,"featured_media":0,"parent":0,"menu_order":0,"comment_status":"closed","ping_status":"closed","template":"","meta":{"footnotes":""},"class_list":["post-134","page","type-page","status-publish","czr-hentry"],"yoast_head":"<!-- This site is optimized with the Yoast SEO plugin v27.3 - https:\/\/yoast.com\/product\/yoast-seo-wordpress\/ -->\n<title>Kaldoaivi - Kairanvaellus<\/title>\n<meta name=\"robots\" content=\"index, follow, max-snippet:-1, max-image-preview:large, max-video-preview:-1\" \/>\n<link rel=\"canonical\" href=\"https:\/\/www.kairanvaellus.fi\/?page_id=134\" \/>\n<meta property=\"og:locale\" content=\"fi_FI\" \/>\n<meta property=\"og:type\" content=\"article\" \/>\n<meta property=\"og:title\" content=\"Kaldoaivi - Kairanvaellus\" \/>\n<meta property=\"og:description\" content=\"Kaldoaivi kuumana! Kes\u00e4kuussa 2023 kuuden p\u00e4iv\u00e4n kuuma reissussa Kaldoaivissa. Ilman isoja ennakko-odotuksia Kaldoaivi t\u00e4ytti paikkansa omassa vaelluskartassani. Avotunturissa voi joutua jos millaisten s\u00e4iden armoille, ja nyt ne toteutui yli 30 asteen l\u00e4mp\u00f6tiloina. Varjoa ei paikkapaikoin l\u00f6ytynyt mist\u00e4\u00e4n ja jos l\u00f6ytyi, niin vaivaisten koivunk\u00e4kk\u00e4r\u00f6iden suojasta. Paikkana Kaldoaivi on kuitenkin mielenkiitoinen. Siell\u00e4 ei oikein ole mit\u00e4\u00e4n, mutta [&hellip;]\" \/>\n<meta property=\"og:url\" content=\"https:\/\/www.kairanvaellus.fi\/?page_id=134\" \/>\n<meta property=\"og:site_name\" content=\"Kairanvaellus\" \/>\n<meta property=\"article:modified_time\" content=\"2024-12-24T08:49:28+00:00\" \/>\n<meta property=\"og:image\" content=\"https:\/\/www.kairanvaellus.fi\/wp-content\/uploads\/2024\/12\/20241224_104421.jpg\" \/>\n\t<meta property=\"og:image:width\" content=\"1600\" \/>\n\t<meta property=\"og:image:height\" content=\"720\" \/>\n\t<meta property=\"og:image:type\" content=\"image\/jpeg\" \/>\n<meta name=\"twitter:card\" content=\"summary_large_image\" \/>\n<meta name=\"twitter:label1\" content=\"Arvioitu lukuaika\" \/>\n\t<meta name=\"twitter:data1\" content=\"1 minuutti\" \/>\n<script type=\"application\/ld+json\" class=\"yoast-schema-graph\">{\"@context\":\"https:\\\/\\\/schema.org\",\"@graph\":[{\"@type\":\"WebPage\",\"@id\":\"https:\\\/\\\/www.kairanvaellus.fi\\\/?page_id=134\",\"url\":\"https:\\\/\\\/www.kairanvaellus.fi\\\/?page_id=134\",\"name\":\"Kaldoaivi - Kairanvaellus\",\"isPartOf\":{\"@id\":\"https:\\\/\\\/www.kairanvaellus.fi\\\/#website\"},\"primaryImageOfPage\":{\"@id\":\"https:\\\/\\\/www.kairanvaellus.fi\\\/?page_id=134#primaryimage\"},\"image\":{\"@id\":\"https:\\\/\\\/www.kairanvaellus.fi\\\/?page_id=134#primaryimage\"},\"thumbnailUrl\":\"https:\\\/\\\/www.kairanvaellus.fi\\\/wp-content\\\/uploads\\\/2024\\\/12\\\/20241224_104421-1024x461.jpg\",\"datePublished\":\"2024-12-21T08:42:30+00:00\",\"dateModified\":\"2024-12-24T08:49:28+00:00\",\"breadcrumb\":{\"@id\":\"https:\\\/\\\/www.kairanvaellus.fi\\\/?page_id=134#breadcrumb\"},\"inLanguage\":\"fi\",\"potentialAction\":[{\"@type\":\"ReadAction\",\"target\":[\"https:\\\/\\\/www.kairanvaellus.fi\\\/?page_id=134\"]}]},{\"@type\":\"ImageObject\",\"inLanguage\":\"fi\",\"@id\":\"https:\\\/\\\/www.kairanvaellus.fi\\\/?page_id=134#primaryimage\",\"url\":\"https:\\\/\\\/www.kairanvaellus.fi\\\/wp-content\\\/uploads\\\/2024\\\/12\\\/20241224_104421.jpg\",\"contentUrl\":\"https:\\\/\\\/www.kairanvaellus.fi\\\/wp-content\\\/uploads\\\/2024\\\/12\\\/20241224_104421.jpg\",\"width\":1600,\"height\":720},{\"@type\":\"BreadcrumbList\",\"@id\":\"https:\\\/\\\/www.kairanvaellus.fi\\\/?page_id=134#breadcrumb\",\"itemListElement\":[{\"@type\":\"ListItem\",\"position\":1,\"name\":\"Etusivu\",\"item\":\"https:\\\/\\\/www.kairanvaellus.fi\\\/\"},{\"@type\":\"ListItem\",\"position\":2,\"name\":\"Kaldoaivi\"}]},{\"@type\":\"WebSite\",\"@id\":\"https:\\\/\\\/www.kairanvaellus.fi\\\/#website\",\"url\":\"https:\\\/\\\/www.kairanvaellus.fi\\\/\",\"name\":\"Kairanvaellus\",\"description\":\"Opastetut vaellukset Lapin er&auml;mailla ja kansallispuistoissa\",\"alternateName\":\"Kairanvaellus\",\"potentialAction\":[{\"@type\":\"SearchAction\",\"target\":{\"@type\":\"EntryPoint\",\"urlTemplate\":\"https:\\\/\\\/www.kairanvaellus.fi\\\/?s={search_term_string}\"},\"query-input\":{\"@type\":\"PropertyValueSpecification\",\"valueRequired\":true,\"valueName\":\"search_term_string\"}}],\"inLanguage\":\"fi\"}]}<\/script>\n<!-- \/ Yoast SEO plugin. -->","yoast_head_json":{"title":"Kaldoaivi - Kairanvaellus","robots":{"index":"index","follow":"follow","max-snippet":"max-snippet:-1","max-image-preview":"max-image-preview:large","max-video-preview":"max-video-preview:-1"},"canonical":"https:\/\/www.kairanvaellus.fi\/?page_id=134","og_locale":"fi_FI","og_type":"article","og_title":"Kaldoaivi - Kairanvaellus","og_description":"Kaldoaivi kuumana! Kes\u00e4kuussa 2023 kuuden p\u00e4iv\u00e4n kuuma reissussa Kaldoaivissa. Ilman isoja ennakko-odotuksia Kaldoaivi t\u00e4ytti paikkansa omassa vaelluskartassani. Avotunturissa voi joutua jos millaisten s\u00e4iden armoille, ja nyt ne toteutui yli 30 asteen l\u00e4mp\u00f6tiloina. Varjoa ei paikkapaikoin l\u00f6ytynyt mist\u00e4\u00e4n ja jos l\u00f6ytyi, niin vaivaisten koivunk\u00e4kk\u00e4r\u00f6iden suojasta. Paikkana Kaldoaivi on kuitenkin mielenkiitoinen. Siell\u00e4 ei oikein ole mit\u00e4\u00e4n, mutta [&hellip;]","og_url":"https:\/\/www.kairanvaellus.fi\/?page_id=134","og_site_name":"Kairanvaellus","article_modified_time":"2024-12-24T08:49:28+00:00","og_image":[{"width":1600,"height":720,"url":"https:\/\/www.kairanvaellus.fi\/wp-content\/uploads\/2024\/12\/20241224_104421.jpg","type":"image\/jpeg"}],"twitter_card":"summary_large_image","twitter_misc":{"Arvioitu lukuaika":"1 minuutti"},"schema":{"@context":"https:\/\/schema.org","@graph":[{"@type":"WebPage","@id":"https:\/\/www.kairanvaellus.fi\/?page_id=134","url":"https:\/\/www.kairanvaellus.fi\/?page_id=134","name":"Kaldoaivi - Kairanvaellus","isPartOf":{"@id":"https:\/\/www.kairanvaellus.fi\/#website"},"primaryImageOfPage":{"@id":"https:\/\/www.kairanvaellus.fi\/?page_id=134#primaryimage"},"image":{"@id":"https:\/\/www.kairanvaellus.fi\/?page_id=134#primaryimage"},"thumbnailUrl":"https:\/\/www.kairanvaellus.fi\/wp-content\/uploads\/2024\/12\/20241224_104421-1024x461.jpg","datePublished":"2024-12-21T08:42:30+00:00","dateModified":"2024-12-24T08:49:28+00:00","breadcrumb":{"@id":"https:\/\/www.kairanvaellus.fi\/?page_id=134#breadcrumb"},"inLanguage":"fi","potentialAction":[{"@type":"ReadAction","target":["https:\/\/www.kairanvaellus.fi\/?page_id=134"]}]},{"@type":"ImageObject","inLanguage":"fi","@id":"https:\/\/www.kairanvaellus.fi\/?page_id=134#primaryimage","url":"https:\/\/www.kairanvaellus.fi\/wp-content\/uploads\/2024\/12\/20241224_104421.jpg","contentUrl":"https:\/\/www.kairanvaellus.fi\/wp-content\/uploads\/2024\/12\/20241224_104421.jpg","width":1600,"height":720},{"@type":"BreadcrumbList","@id":"https:\/\/www.kairanvaellus.fi\/?page_id=134#breadcrumb","itemListElement":[{"@type":"ListItem","position":1,"name":"Etusivu","item":"https:\/\/www.kairanvaellus.fi\/"},{"@type":"ListItem","position":2,"name":"Kaldoaivi"}]},{"@type":"WebSite","@id":"https:\/\/www.kairanvaellus.fi\/#website","url":"https:\/\/www.kairanvaellus.fi\/","name":"Kairanvaellus","description":"Opastetut vaellukset Lapin er&auml;mailla ja kansallispuistoissa","alternateName":"Kairanvaellus","potentialAction":[{"@type":"SearchAction","target":{"@type":"EntryPoint","urlTemplate":"https:\/\/www.kairanvaellus.fi\/?s={search_term_string}"},"query-input":{"@type":"PropertyValueSpecification","valueRequired":true,"valueName":"search_term_string"}}],"inLanguage":"fi"}]}},"_links":{"self":[{"href":"https:\/\/www.kairanvaellus.fi\/index.php?rest_route=\/wp\/v2\/pages\/134","targetHints":{"allow":["GET"]}}],"collection":[{"href":"https:\/\/www.kairanvaellus.fi\/index.php?rest_route=\/wp\/v2\/pages"}],"about":[{"href":"https:\/\/www.kairanvaellus.fi\/index.php?rest_route=\/wp\/v2\/types\/page"}],"author":[{"embeddable":true,"href":"https:\/\/www.kairanvaellus.fi\/index.php?rest_route=\/wp\/v2\/users\/1"}],"replies":[{"embeddable":true,"href":"https:\/\/www.kairanvaellus.fi\/index.php?rest_route=%2Fwp%2Fv2%2Fcomments&post=134"}],"version-history":[{"count":3,"href":"https:\/\/www.kairanvaellus.fi\/index.php?rest_route=\/wp\/v2\/pages\/134\/revisions"}],"predecessor-version":[{"id":188,"href":"https:\/\/www.kairanvaellus.fi\/index.php?rest_route=\/wp\/v2\/pages\/134\/revisions\/188"}],"wp:attachment":[{"href":"https:\/\/www.kairanvaellus.fi\/index.php?rest_route=%2Fwp%2Fv2%2Fmedia&parent=134"}],"curies":[{"name":"wp","href":"https:\/\/api.w.org\/{rel}","templated":true}]}}