{"id":160,"date":"2024-12-22T09:21:58","date_gmt":"2024-12-22T09:21:58","guid":{"rendered":"https:\/\/www.kairanvaellus.fi\/?page_id=160"},"modified":"2026-02-08T07:35:00","modified_gmt":"2026-02-08T07:35:00","slug":"osallistumisehdot","status":"publish","type":"page","link":"https:\/\/www.kairanvaellus.fi\/?page_id=160","title":{"rendered":"Osallistumisehdot"},"content":{"rendered":"\n<ul class=\"wp-block-list\">\n<li>Paikka vaellusreissulle varataan maksamalla 100 \u20ac varausmaksu. Ohjeet maksamiseen saat laittamalla viesti\u00e4: <a href=\"mailto:kairanvaellus@gmail.com\">kairanvaellus@gmail.com<\/a>. Varausmaksua ei palauteta. Jos kuitenkin osallistuminen on pakko perua, niin vaelluspaikan saa vaihtaa toiselle vaellukselle saman vuoden aikana, jos ryhmiss\u00e4 on tilaa.<\/li>\n\n\n\n<li>Loppuosuus vaelluksen maksusta tulee olla maksettuna viimeist\u00e4\u00e4n 30 vrk ennen vaelluksen alkua. Peruutus joka tapahtuu alle 30 vrk ennen reissua, niin osallistumismaksuja ei palauteta.<\/li>\n\n\n\n<li>Jos me peruutamme vaelluksen niin kaikki maksut palautetaan.<\/li>\n\n\n\n<li>Osallistujalla tulee olla oma matkavakuutus ja suosittelemme varmistamaan, ett\u00e4 vakuutus kattaa my\u00f6s vaelluksella tapahtuneet vahingot. Vakuutusyhti\u00f6itt\u00e4in voi olla eroja asian k\u00e4sittelyn suhteen. Joissain vakuutusyhti\u00f6iss\u00e4 vaellukset ja patikoinnit saatetaan rinnastaa urheiluharrastukseen, jolloin perus matkavakuutus ei kata kaikkea. Huomioikaa matkavakuutuksesta peruutusturva matkan peruutumisen vuoksi, esim. sairastumisen\/loukkaantumisen vuoksi.<\/li>\n\n\n\n<li>Osallistujalla tulee olla omat varusteet. Joitain varusteita on annettavissa lainaan.<\/li>\n\n\n\n<li>Taito k\u00e4ytt\u00e4\u00e4 omia varusteita. Lainattujen varusteiden k\u00e4ytt\u00f6\u00f6n annetaan t\u00e4ydellinen opastus.<\/li>\n\n\n\n<li>Osallistujan fyysinen kunto tulee olla sellainen, ett\u00e4 rinkan kantaminen ja n. 12 km p\u00e4iv\u00e4matkat eiv\u00e4t k\u00e4y liian raskaaksi. Joku p\u00e4iv\u00e4 voi olla hieman pidempi matka.<\/li>\n\n\n\n<li>J\u00e4rjest\u00e4j\u00e4ll\u00e4 on oikeus poistaa osallistuja kesken reissun. Poistamisen syit\u00e4 voi olla esim. sairastuminen (evakuointi). Tai toiminta, joka est\u00e4\u00e4 muuta ryhm\u00e4\u00e4 toteuttamasta reissun suunnitelmaa, kuten alkoholin k\u00e4ytt\u00f6 tai ep\u00e4asiallinen k\u00e4yt\u00f6s ryhm\u00e4n muita j\u00e4seni\u00e4 kohtaan. Kaikki evakuoinnista aiheutuvat kustannukset j\u00e4\u00e4v\u00e4t poistettavan henkil\u00f6n itse suoraan maksettaviksi\/vakuutuksesta katettavaksi.<\/li>\n\n\n\n<li>Vaelluskohdetta voidaan muuttaa, jos olosuhteet tai esim. muut m\u00e4\u00e4r\u00e4ykset est\u00e4v\u00e4t kohteeseen menemisen.<\/li>\n\n\n\n<li>Vaelluksen kestoa tai reitti\u00e4 voidaan muuttaa, tilanteen niin vaatiessa. Muutos voidaan tehd\u00e4, jos keliolosuhteet tai esim. vaelluspaikkaa koskevat m\u00e4\u00e4r\u00e4ykset muuttuvat. Ulkopuolisen syyn vuoksi lyhentyneest\u00e4 vaelluksesta ei saa korvausta.<\/li>\n<\/ul>\n\n\n\n<p><strong>Mit\u00e4 vaelluksen hintaa kuuluu<\/strong><\/p>\n\n\n\n<ul class=\"wp-block-list\">\n<li>Oppaan palvelut heti ilmoittautumisesta alkaen.<\/li>\n\n\n\n<li>Teams-tapaaminen ennen vaellusta, jossa vaellus k\u00e4yd\u00e4\u00e4n mahdollisimman kattavasti l\u00e4pi.<\/li>\n\n\n\n<li>Ennakkomateriaali ennen vaellusta.<\/li>\n\n\n\n<li>Oppaan antamat tarvittavat avut maastossa.<\/li>\n\n\n\n<li>Yleisturvallisuudesta huolehtiminen.<\/li>\n<\/ul>\n\n\n\n<p><\/p>\n","protected":false},"excerpt":{"rendered":"<p>Mit\u00e4 vaelluksen hintaa kuuluu<\/p>\n","protected":false},"author":1,"featured_media":0,"parent":0,"menu_order":0,"comment_status":"closed","ping_status":"closed","template":"","meta":{"footnotes":""},"class_list":["post-160","page","type-page","status-publish","czr-hentry"],"yoast_head":"<!-- This site is optimized with the Yoast SEO plugin v27.3 - https:\/\/yoast.com\/product\/yoast-seo-wordpress\/ -->\n<title>Osallistumisehdot - Kairanvaellus<\/title>\n<meta name=\"robots\" content=\"index, follow, max-snippet:-1, max-image-preview:large, max-video-preview:-1\" \/>\n<link rel=\"canonical\" href=\"https:\/\/www.kairanvaellus.fi\/?page_id=160\" \/>\n<meta property=\"og:locale\" content=\"fi_FI\" \/>\n<meta property=\"og:type\" content=\"article\" \/>\n<meta property=\"og:title\" content=\"Osallistumisehdot - Kairanvaellus\" \/>\n<meta property=\"og:description\" content=\"Mit\u00e4 vaelluksen hintaa kuuluu\" \/>\n<meta property=\"og:url\" content=\"https:\/\/www.kairanvaellus.fi\/?page_id=160\" \/>\n<meta property=\"og:site_name\" content=\"Kairanvaellus\" \/>\n<meta property=\"article:modified_time\" content=\"2026-02-08T07:35:00+00:00\" \/>\n<meta name=\"twitter:card\" content=\"summary_large_image\" \/>\n<meta name=\"twitter:label1\" content=\"Arvioitu lukuaika\" \/>\n\t<meta name=\"twitter:data1\" content=\"2 minuuttia\" \/>\n<script type=\"application\/ld+json\" class=\"yoast-schema-graph\">{\"@context\":\"https:\\\/\\\/schema.org\",\"@graph\":[{\"@type\":\"WebPage\",\"@id\":\"https:\\\/\\\/www.kairanvaellus.fi\\\/?page_id=160\",\"url\":\"https:\\\/\\\/www.kairanvaellus.fi\\\/?page_id=160\",\"name\":\"Osallistumisehdot - Kairanvaellus\",\"isPartOf\":{\"@id\":\"https:\\\/\\\/www.kairanvaellus.fi\\\/#website\"},\"datePublished\":\"2024-12-22T09:21:58+00:00\",\"dateModified\":\"2026-02-08T07:35:00+00:00\",\"breadcrumb\":{\"@id\":\"https:\\\/\\\/www.kairanvaellus.fi\\\/?page_id=160#breadcrumb\"},\"inLanguage\":\"fi\",\"potentialAction\":[{\"@type\":\"ReadAction\",\"target\":[\"https:\\\/\\\/www.kairanvaellus.fi\\\/?page_id=160\"]}]},{\"@type\":\"BreadcrumbList\",\"@id\":\"https:\\\/\\\/www.kairanvaellus.fi\\\/?page_id=160#breadcrumb\",\"itemListElement\":[{\"@type\":\"ListItem\",\"position\":1,\"name\":\"Etusivu\",\"item\":\"https:\\\/\\\/www.kairanvaellus.fi\\\/\"},{\"@type\":\"ListItem\",\"position\":2,\"name\":\"Osallistumisehdot\"}]},{\"@type\":\"WebSite\",\"@id\":\"https:\\\/\\\/www.kairanvaellus.fi\\\/#website\",\"url\":\"https:\\\/\\\/www.kairanvaellus.fi\\\/\",\"name\":\"Kairanvaellus\",\"description\":\"Opastetut vaellukset Lapin er&auml;mailla ja kansallispuistoissa\",\"alternateName\":\"Kairanvaellus\",\"potentialAction\":[{\"@type\":\"SearchAction\",\"target\":{\"@type\":\"EntryPoint\",\"urlTemplate\":\"https:\\\/\\\/www.kairanvaellus.fi\\\/?s={search_term_string}\"},\"query-input\":{\"@type\":\"PropertyValueSpecification\",\"valueRequired\":true,\"valueName\":\"search_term_string\"}}],\"inLanguage\":\"fi\"}]}<\/script>\n<!-- \/ Yoast SEO plugin. -->","yoast_head_json":{"title":"Osallistumisehdot - Kairanvaellus","robots":{"index":"index","follow":"follow","max-snippet":"max-snippet:-1","max-image-preview":"max-image-preview:large","max-video-preview":"max-video-preview:-1"},"canonical":"https:\/\/www.kairanvaellus.fi\/?page_id=160","og_locale":"fi_FI","og_type":"article","og_title":"Osallistumisehdot - Kairanvaellus","og_description":"Mit\u00e4 vaelluksen hintaa kuuluu","og_url":"https:\/\/www.kairanvaellus.fi\/?page_id=160","og_site_name":"Kairanvaellus","article_modified_time":"2026-02-08T07:35:00+00:00","twitter_card":"summary_large_image","twitter_misc":{"Arvioitu lukuaika":"2 minuuttia"},"schema":{"@context":"https:\/\/schema.org","@graph":[{"@type":"WebPage","@id":"https:\/\/www.kairanvaellus.fi\/?page_id=160","url":"https:\/\/www.kairanvaellus.fi\/?page_id=160","name":"Osallistumisehdot - Kairanvaellus","isPartOf":{"@id":"https:\/\/www.kairanvaellus.fi\/#website"},"datePublished":"2024-12-22T09:21:58+00:00","dateModified":"2026-02-08T07:35:00+00:00","breadcrumb":{"@id":"https:\/\/www.kairanvaellus.fi\/?page_id=160#breadcrumb"},"inLanguage":"fi","potentialAction":[{"@type":"ReadAction","target":["https:\/\/www.kairanvaellus.fi\/?page_id=160"]}]},{"@type":"BreadcrumbList","@id":"https:\/\/www.kairanvaellus.fi\/?page_id=160#breadcrumb","itemListElement":[{"@type":"ListItem","position":1,"name":"Etusivu","item":"https:\/\/www.kairanvaellus.fi\/"},{"@type":"ListItem","position":2,"name":"Osallistumisehdot"}]},{"@type":"WebSite","@id":"https:\/\/www.kairanvaellus.fi\/#website","url":"https:\/\/www.kairanvaellus.fi\/","name":"Kairanvaellus","description":"Opastetut vaellukset Lapin er&auml;mailla ja kansallispuistoissa","alternateName":"Kairanvaellus","potentialAction":[{"@type":"SearchAction","target":{"@type":"EntryPoint","urlTemplate":"https:\/\/www.kairanvaellus.fi\/?s={search_term_string}"},"query-input":{"@type":"PropertyValueSpecification","valueRequired":true,"valueName":"search_term_string"}}],"inLanguage":"fi"}]}},"_links":{"self":[{"href":"https:\/\/www.kairanvaellus.fi\/index.php?rest_route=\/wp\/v2\/pages\/160","targetHints":{"allow":["GET"]}}],"collection":[{"href":"https:\/\/www.kairanvaellus.fi\/index.php?rest_route=\/wp\/v2\/pages"}],"about":[{"href":"https:\/\/www.kairanvaellus.fi\/index.php?rest_route=\/wp\/v2\/types\/page"}],"author":[{"embeddable":true,"href":"https:\/\/www.kairanvaellus.fi\/index.php?rest_route=\/wp\/v2\/users\/1"}],"replies":[{"embeddable":true,"href":"https:\/\/www.kairanvaellus.fi\/index.php?rest_route=%2Fwp%2Fv2%2Fcomments&post=160"}],"version-history":[{"count":13,"href":"https:\/\/www.kairanvaellus.fi\/index.php?rest_route=\/wp\/v2\/pages\/160\/revisions"}],"predecessor-version":[{"id":373,"href":"https:\/\/www.kairanvaellus.fi\/index.php?rest_route=\/wp\/v2\/pages\/160\/revisions\/373"}],"wp:attachment":[{"href":"https:\/\/www.kairanvaellus.fi\/index.php?rest_route=%2Fwp%2Fv2%2Fmedia&parent=160"}],"curies":[{"name":"wp","href":"https:\/\/api.w.org\/{rel}","templated":true}]}}