{"id":2,"date":"2024-12-17T21:44:22","date_gmt":"2024-12-17T21:44:22","guid":{"rendered":"https:\/\/www.kairanvaellus.fi\/?page_id=2"},"modified":"2026-03-12T09:26:54","modified_gmt":"2026-03-12T09:26:54","slug":"vaelluskohteet-opastetut-vaellukset-syksy-vaellus-lappi","status":"publish","type":"page","link":"https:\/\/www.kairanvaellus.fi\/?page_id=2","title":{"rendered":"Opastetut vaellukset 2026"},"content":{"rendered":"\n<p class=\"has-text-align-center\">Opastetut vaellukset 2026 sopii sinulle, jos tykk\u00e4\u00e4t kulkea mukavan ryhm\u00e4n mukana. K\u00e4yt\u00f6ss\u00e4si on oppaan palvelut koko matkan ajan ja jo ennen sit\u00e4, eli heti ilmoittautumisesta l\u00e4htien. Opastetut vaellukset ovat lomaa, koska sinun ei tarvitse mietti\u00e4 reittej\u00e4, aikatauluja eik\u00e4 p\u00e4\u00e4t\u00f6ksentekoa. Opaanasi min\u00e4 hoidan tuon kaiken. Saat siis vain nauttia matkasta, maisemista, mukana kulkemisesta ja olemisesta. Vaellukselta palataan aina monta kokemusta rikkaampana. Ryhm\u00e4n\u00e4 kuitenkin aina keskustelemme p\u00e4iv\u00e4n kulun, reitit ja poikkeukset, joten mik\u00e4\u00e4n ei p\u00e4\u00e4se yll\u00e4tt\u00e4m\u00e4\u00e4n sinua.<\/p>\n\n\n\n<p class=\"has-text-align-center\">Jokaisella vaelluksella voi aina olla jokin pieni &#8221;punainen lanka&#8221;. Mik\u00e4 se olisi sinun punainen lanka? Onko se esim. opetella ottamaan suuntaa kompassilla, maastomuotojen mukaan suunnistaminen, tulien teko, tuvallinen kahlaaminen vesist\u00f6n yli vai jotain muuta. Kerro se ilmoittautumisen yhteydess\u00e4 ja katsotaan miten sen saamme toteutettua. Yhteisill\u00e4 vaelluksilla saattaa kaverilta oppia uusia k\u00e4yt\u00e4nt\u00f6j\u00e4, joita yksin kulkiessa ei ole hoksannut.<\/p>\n\n\n\n<h2 class=\"wp-block-heading has-text-align-center\" style=\"font-size:17px\">OPASTETUT VAELLUKSET SYKSY 2026<\/h2>\n\n\n\n<p class=\"has-text-align-center\"><a data-type=\"page\" data-id=\"277\" href=\"https:\/\/www.kairanvaellus.fi\/?page_id=277\">Paistunturin rauhaa 30.8.-4.9.2026<\/a> &#8211; &#8211; &#8211; &#8211; <a data-type=\"page\" data-id=\"285\" href=\"https:\/\/www.kairanvaellus.fi\/?page_id=285\">Mutka Muotkalla 6.9.-11.9.2026<\/a><\/p>\n\n\n\n<p class=\"has-text-align-center\">Normaalilla peruskunnolla ja varusteiden k\u00e4ytt\u00f6kokemuksella p\u00e4rj\u00e4\u00e4 oikein hyvin n\u00e4ill\u00e4 vaelluksilla.<\/p>\n\n\n\n<figure class=\"wp-block-image size-large is-style-rounded\"><img loading=\"lazy\" decoding=\"async\" width=\"1024\" height=\"331\" src=\"https:\/\/www.kairanvaellus.fi\/wp-content\/uploads\/2026\/01\/UKK-1024x331.jpg\" alt=\"Opastetut vaellukset syksyll\u00e4 2026 sis\u00e4lt\u00e4\u00e4 riitt\u00e4v\u00e4sti taukoja. Vaelluksella kuljetaan kiireett\u00e4 ja sy\u00f6d\u00e4\u00e4n rauhassa.\" class=\"wp-image-296\" srcset=\"https:\/\/www.kairanvaellus.fi\/wp-content\/uploads\/2026\/01\/UKK-1024x331.jpg 1024w, https:\/\/www.kairanvaellus.fi\/wp-content\/uploads\/2026\/01\/UKK-300x97.jpg 300w, https:\/\/www.kairanvaellus.fi\/wp-content\/uploads\/2026\/01\/UKK-768x248.jpg 768w, https:\/\/www.kairanvaellus.fi\/wp-content\/uploads\/2026\/01\/UKK-1536x497.jpg 1536w, https:\/\/www.kairanvaellus.fi\/wp-content\/uploads\/2026\/01\/UKK-2048x662.jpg 2048w\" sizes=\"auto, (max-width: 1024px) 100vw, 1024px\" \/><\/figure>\n\n\n\n<p class=\"has-text-align-center\">Hopulla emme tee mit\u00e4\u00e4n, vaan aamutkin pidet\u00e4\u00e4n sopivan laiskoina. P\u00e4iv\u00e4t kuljemme kiireett\u00e4, etsien kauneimmat taukopaikat ihailla tunturimaisemaa. Tauotamme kulkemista niin paljon, ett\u00e4 seuraavaan leiriin ei saavuta uupuneena yht\u00e4jaksoisen liikkumisen vuoksi. Seuraavalle leiripaikalle koitamme kuitenkin p\u00e4\u00e4st\u00e4 aina niin, ett\u00e4 aikaa leiriel\u00e4m\u00e4\u00e4nkin j\u00e4\u00e4 mukavasti. Illalla on aikaa tehd\u00e4 vaikka oma pieni reputon lenkki l\u00e4himaastoon.<\/p>\n\n\n\n<p class=\"has-text-align-center\">Iltaisin ei ole mit\u00e4\u00e4n suunniteltua ohjelmaa, vaan jokainen saa viett\u00e4\u00e4 sen parhaimmaksi katsomallaan tavalla. Voit vaikka pakata iltapalavarusteet rinkkaasi ja menn\u00e4 nauttimaan iltapalan l\u00f6yt\u00e4m\u00e4\u00e4si kauniiseen paikkaan ja palata teltalle rentoutuneen nukkumaan.<\/p>\n\n\n\n<figure class=\"wp-block-image size-large is-style-rounded\"><img loading=\"lazy\" decoding=\"async\" width=\"1024\" height=\"462\" src=\"https:\/\/www.kairanvaellus.fi\/wp-content\/uploads\/2026\/01\/UKK1-1024x462.jpg\" alt=\"Opastetut vaellukset sis\u00e4lt\u00e4\u00e4 leiriel\u00e4m\u00e4\u00e4. Aikaa nauttia luonnosta.\" class=\"wp-image-299\" srcset=\"https:\/\/www.kairanvaellus.fi\/wp-content\/uploads\/2026\/01\/UKK1-1024x462.jpg 1024w, https:\/\/www.kairanvaellus.fi\/wp-content\/uploads\/2026\/01\/UKK1-300x135.jpg 300w, https:\/\/www.kairanvaellus.fi\/wp-content\/uploads\/2026\/01\/UKK1-768x346.jpg 768w, https:\/\/www.kairanvaellus.fi\/wp-content\/uploads\/2026\/01\/UKK1-1536x692.jpg 1536w, https:\/\/www.kairanvaellus.fi\/wp-content\/uploads\/2026\/01\/UKK1-2048x923.jpg 2048w, https:\/\/www.kairanvaellus.fi\/wp-content\/uploads\/2026\/01\/UKK1-1110x500.jpg 1110w\" sizes=\"auto, (max-width: 1024px) 100vw, 1024px\" \/><\/figure>\n\n\n\n<p class=\"has-text-align-center\">J\u00e4ik\u00f6 jokin viel\u00e4 mietitytt\u00e4m\u00e4\u00e4n sinua? Ole yhteydess\u00e4 matalalla kynnyksell\u00e4 <a href=\"mailto:kairanvaellus@gmail.com\">kairanvaellus@gmail.com<\/a><\/p>\n\n\n\n<h2 class=\"wp-block-heading has-text-align-center\">Ennen opastettua vaellusta<\/h2>\n\n\n\n<p class=\"has-text-align-center\">Ennen vaellusta pid\u00e4mme tunnin mittaisen teams-tapaamisen, jossa k\u00e4ymme l\u00e4pi mm. ruuat, ruokien kuivatus, varusteet, alustavat reittisuunnitelmat ja reissun turvallisuuteen liittyv\u00e4t asiat. Teams-materiaali jaetaan kaikille osallistujille. Teams-tapaamiseen ei ole pakko osallistua, mutta suosittelemme sit\u00e4. Suosittelemme my\u00f6s sopimaan kimppakyytej\u00e4, koska parhaimpiin vaelluskohteisiin ei ik\u00e4v\u00e4 kyll\u00e4 p\u00e4\u00e4se julkisella liikenteell\u00e4.<\/p>\n\n\n\n<p class=\"has-text-align-center has-medium-font-size\">Luethan osallistumisehdot ennen ilmoittautumista.<\/p>\n\n\n\n<p class=\"has-text-align-center\"><strong><a href=\"https:\/\/www.kairanvaellus.fi\/?page_id=160\" data-type=\"page\" data-id=\"160\">Osallistumisehdot<\/a><\/strong><\/p>\n\n\n\n<p class=\"has-text-align-center\">Suunnitteluapua varusteista l\u00f6ytyy mm. Partioaitan varusteluettolosta <a href=\"https:\/\/www.globetrotter.de\/\/assets\/download\/19_partioaitta%20fi_FI\/9601_varustelista-viikon-vaellukselle.pdf\">9601_varustelista-viikon-vaellukselle.pdf<\/a> Linkki\u00e4 ei ole jaettu kaupallisessa tarkoituksessa.<\/p>\n\n\n\n<p><\/p>\n","protected":false},"excerpt":{"rendered":"<p>Opastetut vaellukset 2026 sopii sinulle, jos tykk\u00e4\u00e4t kulkea mukavan ryhm\u00e4n mukana. K\u00e4yt\u00f6ss\u00e4si on oppaan palvelut koko matkan ajan ja jo ennen sit\u00e4, eli heti ilmoittautumisesta l\u00e4htien. Opastetut vaellukset ovat lomaa, koska sinun ei tarvitse mietti\u00e4 reittej\u00e4, aikatauluja eik\u00e4 p\u00e4\u00e4t\u00f6ksentekoa. Opaanasi min\u00e4 hoidan tuon kaiken. Saat siis vain nauttia matkasta, maisemista, mukana kulkemisesta ja olemisesta. Vaellukselta [&hellip;]<\/p>\n","protected":false},"author":1,"featured_media":0,"parent":0,"menu_order":0,"comment_status":"closed","ping_status":"closed","template":"","meta":{"footnotes":""},"class_list":["post-2","page","type-page","status-publish","czr-hentry"],"yoast_head":"<!-- This site is optimized with the Yoast SEO plugin v27.3 - https:\/\/yoast.com\/product\/yoast-seo-wordpress\/ -->\n<title>Opastetut vaellukset 2026 - Kairanvaellus<\/title>\n<meta name=\"description\" content=\"Opastetut vaellukset 2026 Lapissa. Syksyn 2026 vaelluskohteina Paistunturi ja Muotkatunturi. Tutustu ja l\u00e4hde mukaan.\" \/>\n<meta name=\"robots\" content=\"index, follow, max-snippet:-1, max-image-preview:large, max-video-preview:-1\" \/>\n<link rel=\"canonical\" href=\"https:\/\/www.kairanvaellus.fi\/?page_id=2\" \/>\n<meta property=\"og:locale\" content=\"fi_FI\" \/>\n<meta property=\"og:type\" content=\"article\" \/>\n<meta property=\"og:title\" content=\"Opastetut vaellukset 2026 - Kairanvaellus\" \/>\n<meta property=\"og:description\" content=\"Opastetut vaellukset 2026 Lapissa. Syksyn 2026 vaelluskohteina Paistunturi ja Muotkatunturi. Tutustu ja l\u00e4hde mukaan.\" \/>\n<meta property=\"og:url\" content=\"https:\/\/www.kairanvaellus.fi\/?page_id=2\" \/>\n<meta property=\"og:site_name\" content=\"Kairanvaellus\" \/>\n<meta property=\"article:modified_time\" content=\"2026-03-12T09:26:54+00:00\" \/>\n<meta property=\"og:image\" content=\"https:\/\/www.kairanvaellus.fi\/wp-content\/uploads\/2026\/01\/UKK-scaled.jpg\" \/>\n\t<meta property=\"og:image:width\" content=\"2560\" \/>\n\t<meta property=\"og:image:height\" content=\"828\" \/>\n\t<meta property=\"og:image:type\" content=\"image\/jpeg\" \/>\n<meta name=\"twitter:card\" content=\"summary_large_image\" \/>\n<meta name=\"twitter:label1\" content=\"Arvioitu lukuaika\" \/>\n\t<meta name=\"twitter:data1\" content=\"3 minuuttia\" \/>\n<script type=\"application\/ld+json\" class=\"yoast-schema-graph\">{\"@context\":\"https:\\\/\\\/schema.org\",\"@graph\":[{\"@type\":\"WebPage\",\"@id\":\"https:\\\/\\\/www.kairanvaellus.fi\\\/?page_id=2\",\"url\":\"https:\\\/\\\/www.kairanvaellus.fi\\\/?page_id=2\",\"name\":\"Opastetut vaellukset 2026 - Kairanvaellus\",\"isPartOf\":{\"@id\":\"https:\\\/\\\/www.kairanvaellus.fi\\\/#website\"},\"primaryImageOfPage\":{\"@id\":\"https:\\\/\\\/www.kairanvaellus.fi\\\/?page_id=2#primaryimage\"},\"image\":{\"@id\":\"https:\\\/\\\/www.kairanvaellus.fi\\\/?page_id=2#primaryimage\"},\"thumbnailUrl\":\"https:\\\/\\\/www.kairanvaellus.fi\\\/wp-content\\\/uploads\\\/2026\\\/01\\\/UKK-1024x331.jpg\",\"datePublished\":\"2024-12-17T21:44:22+00:00\",\"dateModified\":\"2026-03-12T09:26:54+00:00\",\"description\":\"Opastetut vaellukset 2026 Lapissa. Syksyn 2026 vaelluskohteina Paistunturi ja Muotkatunturi. Tutustu ja l\u00e4hde mukaan.\",\"breadcrumb\":{\"@id\":\"https:\\\/\\\/www.kairanvaellus.fi\\\/?page_id=2#breadcrumb\"},\"inLanguage\":\"fi\",\"potentialAction\":[{\"@type\":\"ReadAction\",\"target\":[\"https:\\\/\\\/www.kairanvaellus.fi\\\/?page_id=2\"]}]},{\"@type\":\"ImageObject\",\"inLanguage\":\"fi\",\"@id\":\"https:\\\/\\\/www.kairanvaellus.fi\\\/?page_id=2#primaryimage\",\"url\":\"https:\\\/\\\/www.kairanvaellus.fi\\\/wp-content\\\/uploads\\\/2026\\\/01\\\/UKK-scaled.jpg\",\"contentUrl\":\"https:\\\/\\\/www.kairanvaellus.fi\\\/wp-content\\\/uploads\\\/2026\\\/01\\\/UKK-scaled.jpg\",\"width\":2560,\"height\":828},{\"@type\":\"BreadcrumbList\",\"@id\":\"https:\\\/\\\/www.kairanvaellus.fi\\\/?page_id=2#breadcrumb\",\"itemListElement\":[{\"@type\":\"ListItem\",\"position\":1,\"name\":\"Etusivu\",\"item\":\"https:\\\/\\\/www.kairanvaellus.fi\\\/\"},{\"@type\":\"ListItem\",\"position\":2,\"name\":\"Opastetut vaellukset 2026\"}]},{\"@type\":\"WebSite\",\"@id\":\"https:\\\/\\\/www.kairanvaellus.fi\\\/#website\",\"url\":\"https:\\\/\\\/www.kairanvaellus.fi\\\/\",\"name\":\"Kairanvaellus\",\"description\":\"Opastetut vaellukset Lapin er&auml;mailla ja kansallispuistoissa\",\"alternateName\":\"Kairanvaellus\",\"potentialAction\":[{\"@type\":\"SearchAction\",\"target\":{\"@type\":\"EntryPoint\",\"urlTemplate\":\"https:\\\/\\\/www.kairanvaellus.fi\\\/?s={search_term_string}\"},\"query-input\":{\"@type\":\"PropertyValueSpecification\",\"valueRequired\":true,\"valueName\":\"search_term_string\"}}],\"inLanguage\":\"fi\"}]}<\/script>\n<!-- \/ Yoast SEO plugin. -->","yoast_head_json":{"title":"Opastetut vaellukset 2026 - Kairanvaellus","description":"Opastetut vaellukset 2026 Lapissa. Syksyn 2026 vaelluskohteina Paistunturi ja Muotkatunturi. Tutustu ja l\u00e4hde mukaan.","robots":{"index":"index","follow":"follow","max-snippet":"max-snippet:-1","max-image-preview":"max-image-preview:large","max-video-preview":"max-video-preview:-1"},"canonical":"https:\/\/www.kairanvaellus.fi\/?page_id=2","og_locale":"fi_FI","og_type":"article","og_title":"Opastetut vaellukset 2026 - Kairanvaellus","og_description":"Opastetut vaellukset 2026 Lapissa. Syksyn 2026 vaelluskohteina Paistunturi ja Muotkatunturi. Tutustu ja l\u00e4hde mukaan.","og_url":"https:\/\/www.kairanvaellus.fi\/?page_id=2","og_site_name":"Kairanvaellus","article_modified_time":"2026-03-12T09:26:54+00:00","og_image":[{"width":2560,"height":828,"url":"https:\/\/www.kairanvaellus.fi\/wp-content\/uploads\/2026\/01\/UKK-scaled.jpg","type":"image\/jpeg"}],"twitter_card":"summary_large_image","twitter_misc":{"Arvioitu lukuaika":"3 minuuttia"},"schema":{"@context":"https:\/\/schema.org","@graph":[{"@type":"WebPage","@id":"https:\/\/www.kairanvaellus.fi\/?page_id=2","url":"https:\/\/www.kairanvaellus.fi\/?page_id=2","name":"Opastetut vaellukset 2026 - Kairanvaellus","isPartOf":{"@id":"https:\/\/www.kairanvaellus.fi\/#website"},"primaryImageOfPage":{"@id":"https:\/\/www.kairanvaellus.fi\/?page_id=2#primaryimage"},"image":{"@id":"https:\/\/www.kairanvaellus.fi\/?page_id=2#primaryimage"},"thumbnailUrl":"https:\/\/www.kairanvaellus.fi\/wp-content\/uploads\/2026\/01\/UKK-1024x331.jpg","datePublished":"2024-12-17T21:44:22+00:00","dateModified":"2026-03-12T09:26:54+00:00","description":"Opastetut vaellukset 2026 Lapissa. Syksyn 2026 vaelluskohteina Paistunturi ja Muotkatunturi. Tutustu ja l\u00e4hde mukaan.","breadcrumb":{"@id":"https:\/\/www.kairanvaellus.fi\/?page_id=2#breadcrumb"},"inLanguage":"fi","potentialAction":[{"@type":"ReadAction","target":["https:\/\/www.kairanvaellus.fi\/?page_id=2"]}]},{"@type":"ImageObject","inLanguage":"fi","@id":"https:\/\/www.kairanvaellus.fi\/?page_id=2#primaryimage","url":"https:\/\/www.kairanvaellus.fi\/wp-content\/uploads\/2026\/01\/UKK-scaled.jpg","contentUrl":"https:\/\/www.kairanvaellus.fi\/wp-content\/uploads\/2026\/01\/UKK-scaled.jpg","width":2560,"height":828},{"@type":"BreadcrumbList","@id":"https:\/\/www.kairanvaellus.fi\/?page_id=2#breadcrumb","itemListElement":[{"@type":"ListItem","position":1,"name":"Etusivu","item":"https:\/\/www.kairanvaellus.fi\/"},{"@type":"ListItem","position":2,"name":"Opastetut vaellukset 2026"}]},{"@type":"WebSite","@id":"https:\/\/www.kairanvaellus.fi\/#website","url":"https:\/\/www.kairanvaellus.fi\/","name":"Kairanvaellus","description":"Opastetut vaellukset Lapin er&auml;mailla ja kansallispuistoissa","alternateName":"Kairanvaellus","potentialAction":[{"@type":"SearchAction","target":{"@type":"EntryPoint","urlTemplate":"https:\/\/www.kairanvaellus.fi\/?s={search_term_string}"},"query-input":{"@type":"PropertyValueSpecification","valueRequired":true,"valueName":"search_term_string"}}],"inLanguage":"fi"}]}},"_links":{"self":[{"href":"https:\/\/www.kairanvaellus.fi\/index.php?rest_route=\/wp\/v2\/pages\/2","targetHints":{"allow":["GET"]}}],"collection":[{"href":"https:\/\/www.kairanvaellus.fi\/index.php?rest_route=\/wp\/v2\/pages"}],"about":[{"href":"https:\/\/www.kairanvaellus.fi\/index.php?rest_route=\/wp\/v2\/types\/page"}],"author":[{"embeddable":true,"href":"https:\/\/www.kairanvaellus.fi\/index.php?rest_route=\/wp\/v2\/users\/1"}],"replies":[{"embeddable":true,"href":"https:\/\/www.kairanvaellus.fi\/index.php?rest_route=%2Fwp%2Fv2%2Fcomments&post=2"}],"version-history":[{"count":70,"href":"https:\/\/www.kairanvaellus.fi\/index.php?rest_route=\/wp\/v2\/pages\/2\/revisions"}],"predecessor-version":[{"id":760,"href":"https:\/\/www.kairanvaellus.fi\/index.php?rest_route=\/wp\/v2\/pages\/2\/revisions\/760"}],"wp:attachment":[{"href":"https:\/\/www.kairanvaellus.fi\/index.php?rest_route=%2Fwp%2Fv2%2Fmedia&parent=2"}],"curies":[{"name":"wp","href":"https:\/\/api.w.org\/{rel}","templated":true}]}}