{"id":285,"date":"2026-01-21T09:32:23","date_gmt":"2026-01-21T09:32:23","guid":{"rendered":"https:\/\/www.kairanvaellus.fi\/?page_id=285"},"modified":"2026-03-01T08:07:54","modified_gmt":"2026-03-01T08:07:54","slug":"ohjattu-vaellus-muotkatunturi","status":"publish","type":"page","link":"https:\/\/www.kairanvaellus.fi\/?page_id=285","title":{"rendered":"Ohjattu vaellus Muotkatunturissa"},"content":{"rendered":"\n<p class=\"has-text-align-center\">Ohjattu vaellus Muotkatunturissa. Muotkan pohjoisosa on helpohkokulkuista maastoa ja juuri siksi suuntaamme sinne. Muotka muodot ovat kohtuullisen loivapiirteisi\u00e4, joten isoja ponnistuksia t\u00e4ll\u00e4 vaelluksella ei tehd\u00e4. Ohjatulla vaelluksella etenemme rauhallista vauhtia ja nautimme alkavan ruskan v\u00e4reist\u00e4. Muotkaa kuvaa osuvasti se, ett\u00e4 siell\u00e4 ei ole tupaverkostoa, joten oiva syy telttailla avotunturissa. T\u00e4h\u00e4n vaellukseen on suunnitteilla yksi leirip\u00e4iv\u00e4, jolloin voi lep\u00e4ill\u00e4 ja nauttia leiriel\u00e4m\u00e4st\u00e4 tai tehd\u00e4 omatoimiretken l\u00e4himaastoon. Ohjattu vaellus alkaa siit\u00e4, kun ilmoittaudut mukaan.<\/p>\n\n\n\n<p class=\"has-text-align-center\">Muotkatunturi ajankohta: 6.9.-11.9.2026 (6 pv)<\/p>\n\n\n\n<p class=\"has-text-align-center\">Hinta: 465 \u20ac (sis. alv)<\/p>\n\n\n\n<h1 class=\"wp-block-heading has-text-align-center has-medium-font-size\"><strong>Muotkatunturista on moneksi.<\/strong><\/h1>\n\n\n\n<figure class=\"wp-block-image size-large is-style-rounded\"><img loading=\"lazy\" decoding=\"async\" width=\"1024\" height=\"498\" src=\"https:\/\/www.kairanvaellus.fi\/wp-content\/uploads\/2026\/01\/Muotkan-muotoja-1024x498.jpg\" alt=\"Ohjattu vaellus tunturissa. Avaruutta ja seikkailua.\" class=\"wp-image-312\" srcset=\"https:\/\/www.kairanvaellus.fi\/wp-content\/uploads\/2026\/01\/Muotkan-muotoja-1024x498.jpg 1024w, https:\/\/www.kairanvaellus.fi\/wp-content\/uploads\/2026\/01\/Muotkan-muotoja-300x146.jpg 300w, https:\/\/www.kairanvaellus.fi\/wp-content\/uploads\/2026\/01\/Muotkan-muotoja-768x373.jpg 768w, https:\/\/www.kairanvaellus.fi\/wp-content\/uploads\/2026\/01\/Muotkan-muotoja-1536x746.jpg 1536w, https:\/\/www.kairanvaellus.fi\/wp-content\/uploads\/2026\/01\/Muotkan-muotoja-2048x995.jpg 2048w\" sizes=\"auto, (max-width: 1024px) 100vw, 1024px\" \/><\/figure>\n\n\n\n<p class=\"has-text-align-center\" style=\"font-size:17px\">Lue t\u00e4st\u00e4<strong> <a data-type=\"page\" data-id=\"160\" href=\"https:\/\/www.kairanvaellus.fi\/?page_id=160\">matkaehdot<\/a> <\/strong>ennen ilmoittautumista. Sen j\u00e4lkeen ilmoittaudu s\u00e4hk\u00f6postilla <a href=\"mailto:kairanvaellus@gmail.com\">kairanvaellus@gmail.com<\/a>. Kerro viestiss\u00e4 mille vaellukselle haluat mukaan ja mielell\u00e4\u00e4n hieman omasta retkeilytaustastasi.<\/p>\n\n\n\n<figure class=\"wp-block-image size-large is-style-rounded\"><img loading=\"lazy\" decoding=\"async\" width=\"1024\" height=\"498\" src=\"https:\/\/www.kairanvaellus.fi\/wp-content\/uploads\/2026\/01\/Muotka-1024x498.jpg\" alt=\"Ohjattu vaellus, suojaisia laaksoja tuntureiden v\u00e4liss\u00e4.\" class=\"wp-image-287\" srcset=\"https:\/\/www.kairanvaellus.fi\/wp-content\/uploads\/2026\/01\/Muotka-1024x498.jpg 1024w, https:\/\/www.kairanvaellus.fi\/wp-content\/uploads\/2026\/01\/Muotka-300x146.jpg 300w, https:\/\/www.kairanvaellus.fi\/wp-content\/uploads\/2026\/01\/Muotka-768x373.jpg 768w, https:\/\/www.kairanvaellus.fi\/wp-content\/uploads\/2026\/01\/Muotka-1536x746.jpg 1536w, https:\/\/www.kairanvaellus.fi\/wp-content\/uploads\/2026\/01\/Muotka-2048x995.jpg 2048w\" sizes=\"auto, (max-width: 1024px) 100vw, 1024px\" \/><\/figure>\n\n\n\n<p class=\"has-text-align-center\" style=\"font-size:17px\">Teams-tapaaminen pidet\u00e4\u00e4n muutama viikko ennen vaellusta, jonka j\u00e4lkeen perustetaan yhteinen wa-ryhm\u00e4. Min. 4 osasllistujaa.<\/p>\n\n\n\n<h2 class=\"wp-block-heading has-text-align-center\" style=\"font-size:26px\">Muotkatunturi lyhyesti<\/h2>\n\n\n\n<p class=\"has-text-align-center\">Muotkatunturi on laaja alue, jossa ei ole tupa- tai merkitty\u00e4 polkuverkostoa. Alueen l\u00e4pi kulkee polku, jota ollaan nimitetty postipoluksi, joka se ei tiett\u00e4v\u00e4sti kuitenkaan ole. Opastettu vaellus suuntaa t\u00e4ll\u00e4 kertaa alueen pohjois-osiin. Muotkatunturin pohjoinen alue, jonne vaelluksemme suuntaa, on muutoin puutonta, mutta laakoissa hyvinkin tuuheita koivikoita. Tunturinummet on kohtuullisen tasaisia ja helppoja k\u00e4vell\u00e4. Maastomuodot ovat kumpuilevia, joskin loivahkopiirteisi\u00e4, joten p\u00e4iv\u00e4n aikana menn\u00e4\u00e4n sek\u00e4 yl\u00f6s ett\u00e4 alas.<\/p>\n\n\n\n<p class=\"has-text-align-center\">Muotkan alueeseen p\u00e4\u00e4set hyvin tutustumaan Luontoon.fi sivuston kautta: <a href=\"https:\/\/www.luontoon.fi\/fi\/kohteet\/muotkatunturin-eramaa\">Muotkatunturin er\u00e4maa &#8211; Luontoon<\/a><\/p>\n\n\n\n<h2 class=\"wp-block-heading has-text-align-center\" style=\"font-size:24px\">Ohjattu vaellus, alustava reittisuunnitelma<\/h2>\n\n\n\n<p class=\"has-text-align-center\">Vaellus Muotkatunturiin l\u00e4htee Karigasniementien varrelta, Sulaojan parkkipaikan l\u00e4heisyydest\u00e4. Varpaat kastetaan ensimm\u00e4isen kerran raikkaseen veteen jo muutamien kilometrien j\u00e4lkeen, kun menemme Karigasjoen yli. Ensimm\u00e4iseksi y\u00f6pymispaikaksi tavoitellaan Jeageloaij\u00e1vre\u00e4. Vaelluksen toisen p\u00e4iv\u00e4n aamuna l\u00e4hdemme kevyell\u00e4 reissujalalla liikkeelle ja kietelemme pitkin tuntureita. Y\u00f6ksi j\u00e4\u00e4mme joko Nirvejohkan tai Kiellajoen varteen. Vaelluksen kolmatena p\u00e4iv\u00e4n\u00e4 suuntaamme etel\u00e4\u00e4 l\u00e4nteen ja kiertelemme tunturreiden kautta Stuorr\u00e1vzin l\u00e4heisyyteen y\u00f6ksi. T\u00e4ss\u00e4 pid\u00e4mme leirip\u00e4iv\u00e4n. Vaelluksen nelj\u00e4nten\u00e4 p\u00e4iv\u00e4n\u00e4 lep\u00e4\u00e4mme tai halutessaan voi l\u00e4hte\u00e4 tustumaan ymp\u00e4rill\u00e4 oleviin tuntureihin. Vaelluksen viidenten\u00e4 p\u00e4iv\u00e4n\u00e4 kiertelemme j\u00e4lleen tunturiyl\u00e4ng\u00f6ill\u00e4 ja tavoittelemme viimeiseksi y\u00f6paikaksi Jeageloaij\u00e1vre\u00e4, jossa olimme ensimm\u00e4isen y\u00f6n.<\/p>\n\n\n\n<p class=\"has-text-align-center\">Emme laske tai tavoittele kilometrim\u00e4\u00e4ri\u00e4, vaan menemme aina sen mink\u00e4 menemme, vaikka jokaiselle p\u00e4iv\u00e4lle on suunnniteltu jokin mukava ja mahdollisimman kaunis leiripaikka. Valittesavat keliolosuhteet tieten saattaa laittaa meid\u00e4t muuttamaan suunnitelmaan.<\/p>\n\n\n\n<p class=\"has-text-align-center\">Jos jokin j\u00e4i mietitytt\u00e4m\u00e4\u00e4n, niin ole yhteydess\u00e4 matalalla kynnyksell\u00e4: <a href=\"mailto:kairanvaellus@gmail.com\">kairanvaellus@gmail.com<\/a><\/p>\n\n\n\n<p><\/p>\n","protected":false},"excerpt":{"rendered":"<p>Ohjattu vaellus Muotkatunturissa. Muotkan pohjoisosa on helpohkokulkuista maastoa ja juuri siksi suuntaamme sinne. Muotka muodot ovat kohtuullisen loivapiirteisi\u00e4, joten isoja ponnistuksia t\u00e4ll\u00e4 vaelluksella ei tehd\u00e4. Ohjatulla vaelluksella etenemme rauhallista vauhtia ja nautimme alkavan ruskan v\u00e4reist\u00e4. Muotkaa kuvaa osuvasti se, ett\u00e4 siell\u00e4 ei ole tupaverkostoa, joten oiva syy telttailla avotunturissa. T\u00e4h\u00e4n vaellukseen on suunnitteilla yksi leirip\u00e4iv\u00e4, [&hellip;]<\/p>\n","protected":false},"author":1,"featured_media":0,"parent":0,"menu_order":0,"comment_status":"closed","ping_status":"closed","template":"","meta":{"footnotes":""},"class_list":["post-285","page","type-page","status-publish","czr-hentry"],"yoast_head":"<!-- This site is optimized with the Yoast SEO plugin v27.3 - https:\/\/yoast.com\/product\/yoast-seo-wordpress\/ -->\n<title>Ohjattu vaellus Muotkatunturissa - Kairanvaellus<\/title>\n<meta name=\"description\" content=\"Ohjattu vaellus Muotkatunturissa. L\u00e4hde ottamaan syksy vastaan ohjatulle vaellukselle osaavan oppaan kanssa. Tutustu ja varaa paikkasi.\" \/>\n<meta name=\"robots\" content=\"index, follow, max-snippet:-1, max-image-preview:large, max-video-preview:-1\" \/>\n<link rel=\"canonical\" href=\"https:\/\/www.kairanvaellus.fi\/?page_id=285\" \/>\n<meta property=\"og:locale\" content=\"fi_FI\" \/>\n<meta property=\"og:type\" content=\"article\" \/>\n<meta property=\"og:title\" content=\"Ohjattu vaellus Muotkatunturissa - Kairanvaellus\" \/>\n<meta property=\"og:description\" content=\"Ohjattu vaellus Muotkatunturissa. L\u00e4hde ottamaan syksy vastaan ohjatulle vaellukselle osaavan oppaan kanssa. Tutustu ja varaa paikkasi.\" \/>\n<meta property=\"og:url\" content=\"https:\/\/www.kairanvaellus.fi\/?page_id=285\" \/>\n<meta property=\"og:site_name\" content=\"Kairanvaellus\" \/>\n<meta property=\"article:modified_time\" content=\"2026-03-01T08:07:54+00:00\" \/>\n<meta property=\"og:image\" content=\"https:\/\/www.kairanvaellus.fi\/wp-content\/uploads\/2026\/01\/Muotkan-muotoja-scaled.jpg\" \/>\n\t<meta property=\"og:image:width\" content=\"2560\" \/>\n\t<meta property=\"og:image:height\" content=\"1244\" \/>\n\t<meta property=\"og:image:type\" content=\"image\/jpeg\" \/>\n<meta name=\"twitter:card\" content=\"summary_large_image\" \/>\n<meta name=\"twitter:label1\" content=\"Arvioitu lukuaika\" \/>\n\t<meta name=\"twitter:data1\" content=\"3 minuuttia\" \/>\n<script type=\"application\/ld+json\" class=\"yoast-schema-graph\">{\"@context\":\"https:\\\/\\\/schema.org\",\"@graph\":[{\"@type\":\"WebPage\",\"@id\":\"https:\\\/\\\/www.kairanvaellus.fi\\\/?page_id=285\",\"url\":\"https:\\\/\\\/www.kairanvaellus.fi\\\/?page_id=285\",\"name\":\"Ohjattu vaellus Muotkatunturissa - Kairanvaellus\",\"isPartOf\":{\"@id\":\"https:\\\/\\\/www.kairanvaellus.fi\\\/#website\"},\"primaryImageOfPage\":{\"@id\":\"https:\\\/\\\/www.kairanvaellus.fi\\\/?page_id=285#primaryimage\"},\"image\":{\"@id\":\"https:\\\/\\\/www.kairanvaellus.fi\\\/?page_id=285#primaryimage\"},\"thumbnailUrl\":\"https:\\\/\\\/www.kairanvaellus.fi\\\/wp-content\\\/uploads\\\/2026\\\/01\\\/Muotkan-muotoja-1024x498.jpg\",\"datePublished\":\"2026-01-21T09:32:23+00:00\",\"dateModified\":\"2026-03-01T08:07:54+00:00\",\"description\":\"Ohjattu vaellus Muotkatunturissa. L\u00e4hde ottamaan syksy vastaan ohjatulle vaellukselle osaavan oppaan kanssa. Tutustu ja varaa paikkasi.\",\"breadcrumb\":{\"@id\":\"https:\\\/\\\/www.kairanvaellus.fi\\\/?page_id=285#breadcrumb\"},\"inLanguage\":\"fi\",\"potentialAction\":[{\"@type\":\"ReadAction\",\"target\":[\"https:\\\/\\\/www.kairanvaellus.fi\\\/?page_id=285\"]}]},{\"@type\":\"ImageObject\",\"inLanguage\":\"fi\",\"@id\":\"https:\\\/\\\/www.kairanvaellus.fi\\\/?page_id=285#primaryimage\",\"url\":\"https:\\\/\\\/www.kairanvaellus.fi\\\/wp-content\\\/uploads\\\/2026\\\/01\\\/Muotkan-muotoja-scaled.jpg\",\"contentUrl\":\"https:\\\/\\\/www.kairanvaellus.fi\\\/wp-content\\\/uploads\\\/2026\\\/01\\\/Muotkan-muotoja-scaled.jpg\",\"width\":2560,\"height\":1244},{\"@type\":\"BreadcrumbList\",\"@id\":\"https:\\\/\\\/www.kairanvaellus.fi\\\/?page_id=285#breadcrumb\",\"itemListElement\":[{\"@type\":\"ListItem\",\"position\":1,\"name\":\"Etusivu\",\"item\":\"https:\\\/\\\/www.kairanvaellus.fi\\\/\"},{\"@type\":\"ListItem\",\"position\":2,\"name\":\"Ohjattu vaellus Muotkatunturissa\"}]},{\"@type\":\"WebSite\",\"@id\":\"https:\\\/\\\/www.kairanvaellus.fi\\\/#website\",\"url\":\"https:\\\/\\\/www.kairanvaellus.fi\\\/\",\"name\":\"Kairanvaellus\",\"description\":\"Opastetut vaellukset Lapin er&auml;mailla ja kansallispuistoissa\",\"alternateName\":\"Kairanvaellus\",\"potentialAction\":[{\"@type\":\"SearchAction\",\"target\":{\"@type\":\"EntryPoint\",\"urlTemplate\":\"https:\\\/\\\/www.kairanvaellus.fi\\\/?s={search_term_string}\"},\"query-input\":{\"@type\":\"PropertyValueSpecification\",\"valueRequired\":true,\"valueName\":\"search_term_string\"}}],\"inLanguage\":\"fi\"}]}<\/script>\n<!-- \/ Yoast SEO plugin. -->","yoast_head_json":{"title":"Ohjattu vaellus Muotkatunturissa - Kairanvaellus","description":"Ohjattu vaellus Muotkatunturissa. L\u00e4hde ottamaan syksy vastaan ohjatulle vaellukselle osaavan oppaan kanssa. Tutustu ja varaa paikkasi.","robots":{"index":"index","follow":"follow","max-snippet":"max-snippet:-1","max-image-preview":"max-image-preview:large","max-video-preview":"max-video-preview:-1"},"canonical":"https:\/\/www.kairanvaellus.fi\/?page_id=285","og_locale":"fi_FI","og_type":"article","og_title":"Ohjattu vaellus Muotkatunturissa - Kairanvaellus","og_description":"Ohjattu vaellus Muotkatunturissa. L\u00e4hde ottamaan syksy vastaan ohjatulle vaellukselle osaavan oppaan kanssa. Tutustu ja varaa paikkasi.","og_url":"https:\/\/www.kairanvaellus.fi\/?page_id=285","og_site_name":"Kairanvaellus","article_modified_time":"2026-03-01T08:07:54+00:00","og_image":[{"width":2560,"height":1244,"url":"https:\/\/www.kairanvaellus.fi\/wp-content\/uploads\/2026\/01\/Muotkan-muotoja-scaled.jpg","type":"image\/jpeg"}],"twitter_card":"summary_large_image","twitter_misc":{"Arvioitu lukuaika":"3 minuuttia"},"schema":{"@context":"https:\/\/schema.org","@graph":[{"@type":"WebPage","@id":"https:\/\/www.kairanvaellus.fi\/?page_id=285","url":"https:\/\/www.kairanvaellus.fi\/?page_id=285","name":"Ohjattu vaellus Muotkatunturissa - Kairanvaellus","isPartOf":{"@id":"https:\/\/www.kairanvaellus.fi\/#website"},"primaryImageOfPage":{"@id":"https:\/\/www.kairanvaellus.fi\/?page_id=285#primaryimage"},"image":{"@id":"https:\/\/www.kairanvaellus.fi\/?page_id=285#primaryimage"},"thumbnailUrl":"https:\/\/www.kairanvaellus.fi\/wp-content\/uploads\/2026\/01\/Muotkan-muotoja-1024x498.jpg","datePublished":"2026-01-21T09:32:23+00:00","dateModified":"2026-03-01T08:07:54+00:00","description":"Ohjattu vaellus Muotkatunturissa. L\u00e4hde ottamaan syksy vastaan ohjatulle vaellukselle osaavan oppaan kanssa. Tutustu ja varaa paikkasi.","breadcrumb":{"@id":"https:\/\/www.kairanvaellus.fi\/?page_id=285#breadcrumb"},"inLanguage":"fi","potentialAction":[{"@type":"ReadAction","target":["https:\/\/www.kairanvaellus.fi\/?page_id=285"]}]},{"@type":"ImageObject","inLanguage":"fi","@id":"https:\/\/www.kairanvaellus.fi\/?page_id=285#primaryimage","url":"https:\/\/www.kairanvaellus.fi\/wp-content\/uploads\/2026\/01\/Muotkan-muotoja-scaled.jpg","contentUrl":"https:\/\/www.kairanvaellus.fi\/wp-content\/uploads\/2026\/01\/Muotkan-muotoja-scaled.jpg","width":2560,"height":1244},{"@type":"BreadcrumbList","@id":"https:\/\/www.kairanvaellus.fi\/?page_id=285#breadcrumb","itemListElement":[{"@type":"ListItem","position":1,"name":"Etusivu","item":"https:\/\/www.kairanvaellus.fi\/"},{"@type":"ListItem","position":2,"name":"Ohjattu vaellus Muotkatunturissa"}]},{"@type":"WebSite","@id":"https:\/\/www.kairanvaellus.fi\/#website","url":"https:\/\/www.kairanvaellus.fi\/","name":"Kairanvaellus","description":"Opastetut vaellukset Lapin er&auml;mailla ja kansallispuistoissa","alternateName":"Kairanvaellus","potentialAction":[{"@type":"SearchAction","target":{"@type":"EntryPoint","urlTemplate":"https:\/\/www.kairanvaellus.fi\/?s={search_term_string}"},"query-input":{"@type":"PropertyValueSpecification","valueRequired":true,"valueName":"search_term_string"}}],"inLanguage":"fi"}]}},"_links":{"self":[{"href":"https:\/\/www.kairanvaellus.fi\/index.php?rest_route=\/wp\/v2\/pages\/285","targetHints":{"allow":["GET"]}}],"collection":[{"href":"https:\/\/www.kairanvaellus.fi\/index.php?rest_route=\/wp\/v2\/pages"}],"about":[{"href":"https:\/\/www.kairanvaellus.fi\/index.php?rest_route=\/wp\/v2\/types\/page"}],"author":[{"embeddable":true,"href":"https:\/\/www.kairanvaellus.fi\/index.php?rest_route=\/wp\/v2\/users\/1"}],"replies":[{"embeddable":true,"href":"https:\/\/www.kairanvaellus.fi\/index.php?rest_route=%2Fwp%2Fv2%2Fcomments&post=285"}],"version-history":[{"count":40,"href":"https:\/\/www.kairanvaellus.fi\/index.php?rest_route=\/wp\/v2\/pages\/285\/revisions"}],"predecessor-version":[{"id":744,"href":"https:\/\/www.kairanvaellus.fi\/index.php?rest_route=\/wp\/v2\/pages\/285\/revisions\/744"}],"wp:attachment":[{"href":"https:\/\/www.kairanvaellus.fi\/index.php?rest_route=%2Fwp%2Fv2%2Fmedia&parent=285"}],"curies":[{"name":"wp","href":"https:\/\/api.w.org\/{rel}","templated":true}]}}