{"id":426,"date":"2026-02-17T10:48:24","date_gmt":"2026-02-17T10:48:24","guid":{"rendered":"https:\/\/www.kairanvaellus.fi\/?page_id=426"},"modified":"2026-02-17T11:18:39","modified_gmt":"2026-02-17T11:18:39","slug":"varustelistaa-syksyn-vaellukselle","status":"publish","type":"page","link":"https:\/\/www.kairanvaellus.fi\/?page_id=426","title":{"rendered":"Varustelistaa syksyn vaellukselle"},"content":{"rendered":"\n<figure class=\"wp-block-image size-large is-resized is-style-rounded\"><img loading=\"lazy\" decoding=\"async\" width=\"1024\" height=\"461\" src=\"https:\/\/www.kairanvaellus.fi\/wp-content\/uploads\/2026\/02\/20241224_085627-1024x461.jpg\" alt=\"\" class=\"wp-image-427\" style=\"width:526px;height:auto\" srcset=\"https:\/\/www.kairanvaellus.fi\/wp-content\/uploads\/2026\/02\/20241224_085627-1024x461.jpg 1024w, https:\/\/www.kairanvaellus.fi\/wp-content\/uploads\/2026\/02\/20241224_085627-300x135.jpg 300w, https:\/\/www.kairanvaellus.fi\/wp-content\/uploads\/2026\/02\/20241224_085627-768x346.jpg 768w, https:\/\/www.kairanvaellus.fi\/wp-content\/uploads\/2026\/02\/20241224_085627-1536x691.jpg 1536w, https:\/\/www.kairanvaellus.fi\/wp-content\/uploads\/2026\/02\/20241224_085627-1110x500.jpg 1110w, https:\/\/www.kairanvaellus.fi\/wp-content\/uploads\/2026\/02\/20241224_085627.jpg 1600w\" sizes=\"auto, (max-width: 1024px) 100vw, 1024px\" \/><\/figure>\n\n\n\n<p class=\"has-text-align-center\" style=\"font-size:21px\">Netist\u00e4 l\u00f6ytyy paljon hyvi\u00e4 pakkauslistoja ja t\u00e4m\u00e4 on oma listani, joka muokkautuu aina kohteen ja vuodenajan mukaan.<\/p>\n\n\n\n<p class=\"has-text-align-center\">Linkki Partioaitan varustelistaan <a href=\"https:\/\/www.globetrotter.de\/\/assets\/download\/19_partioaitta%20fi_FI\/9601_varustelista-viikon-vaellukselle.pdf\">9601_varustelista-viikon-vaellukselle.pdf<\/a> T\u00e4t\u00e4 linkki\u00e4 ei ole jaettu kaupallisessa tarkoituksessa.<\/p>\n\n\n\n<p class=\"has-text-align-center has-medium-font-size\"><strong>Rinkka ja sadesuoja<\/strong><\/p>\n\n\n\n<p class=\"has-text-align-center\" style=\"font-size:16px\">Isomman rinkan kanssa p\u00e4rj\u00e4\u00e4 aina. Rinkan ulkopuolelle pakkaaminen muuttaa aina hieman painopistett\u00e4 ja ulkopuolelle pakatut varusteet likaantuu helpommin ja j\u00e4\u00e4 kiinni oksiin. Selvit\u00e4 my\u00f6s, miten paljon painoa rinkka on suunniteltu kantamaan. Rinkan istuvuus on aivan yht\u00e4 t\u00e4rke\u00e4, kuin rinkan tekniset ominaisuudet<\/p>\n\n\n\n<p class=\"has-text-align-center has-medium-font-size\"><strong>Leiriytymisvarusteet<\/strong><\/p>\n\n\n\n<p class=\"has-text-align-center\" style=\"font-size:16px\">Teltta, makuupussi ja sis\u00e4pussi suojaamaa makuupussia ja nostaa hieman l\u00e4mp\u00f6arvoa. Makuualustana ohut solumuovi + ilmat\u00e4ytteinen on mukava yhdistelm\u00e4. S\u00e4\u00e4misk\u00e4 tms. teltan kuivaukseen<\/p>\n\n\n\n<p class=\"has-text-align-center has-medium-font-size\"><strong>Ruokailu<\/strong><\/p>\n\n\n\n<p class=\"has-text-align-center\">Keitin\/poltin, kaasu ja kattila (Trangia, Jetboil tai vastaavat). Muki, lusikka-haarukka-veitsi ja lautanen (voit my\u00f6s sy\u00f6d\u00e4 suoraan kattilasta) Juomapulloja tai vesirakko rinkkaan. Tiskiharja (+ biohajoava tiskiaine, jolla voi vaikka pest\u00e4 pyykki\u00e4)<br>Tulitikut \/ sytk\u00e4ri ja puukko. Isolla suuaukolla oleva pullo ruuan ennallistamiseen (jos kokkaat kuivatuista ruuista) ja roskapusseja.<\/p>\n\n\n\n<p class=\"has-text-align-center has-medium-font-size\"><strong>Ensiapu ja hygienia<\/strong><\/p>\n\n\n\n<p class=\"has-text-align-center\">EA-setti; pari sidetaitosta, s\u00e4rky-allergial\u00e4\u00e4ke, ripulil\u00e4\u00e4ke, desinfiointipyyhkeit\u00e4, rasvalappu, p\u00e4tk\u00e4 kinessioteippi\u00e4, LeukoP-teippi\u00e4 ja laastaria. Henkil\u00f6kohtaiset l\u00e4\u00e4kkeet, kosteuspyyhkeit\u00e4 (huom. roskaton retkeily).<br>Hammasharja ja tahna, hammaslanka, hammastikkuja jne. Wc-paperi ja k\u00e4sidesi<\/p>\n\n\n\n<p class=\"has-text-align-center has-medium-font-size\"><strong>Korjaus, elektoniikka ja muuta<\/strong><\/p>\n\n\n\n<p class=\"has-text-align-center\">Teltan ja ilmat\u00e4ytteisen makuualustan omat korjaussararjat. Ilmastointiteippi\u00e4, neula ja lankaa, ohutta narua, varavirtal\u00e4hde ja latausjohto.<\/p>\n","protected":false},"excerpt":{"rendered":"<p>Netist\u00e4 l\u00f6ytyy paljon hyvi\u00e4 pakkauslistoja ja t\u00e4m\u00e4 on oma listani, joka muokkautuu aina kohteen ja vuodenajan mukaan. Linkki Partioaitan varustelistaan 9601_varustelista-viikon-vaellukselle.pdf T\u00e4t\u00e4 linkki\u00e4 ei ole jaettu kaupallisessa tarkoituksessa. Rinkka ja sadesuoja Isomman rinkan kanssa p\u00e4rj\u00e4\u00e4 aina. Rinkan ulkopuolelle pakkaaminen muuttaa aina hieman painopistett\u00e4 ja ulkopuolelle pakatut varusteet likaantuu helpommin ja j\u00e4\u00e4 kiinni oksiin. Selvit\u00e4 my\u00f6s, [&hellip;]<\/p>\n","protected":false},"author":1,"featured_media":427,"parent":0,"menu_order":0,"comment_status":"closed","ping_status":"closed","template":"","meta":{"footnotes":""},"class_list":["post-426","page","type-page","status-publish","has-post-thumbnail","czr-hentry"],"yoast_head":"<!-- This site is optimized with the Yoast SEO plugin v27.3 - https:\/\/yoast.com\/product\/yoast-seo-wordpress\/ -->\n<title>Varustelistaa syksyn vaellukselle - Kairanvaellus<\/title>\n<meta name=\"robots\" content=\"index, follow, max-snippet:-1, max-image-preview:large, max-video-preview:-1\" \/>\n<link rel=\"canonical\" href=\"https:\/\/www.kairanvaellus.fi\/?page_id=426\" \/>\n<meta property=\"og:locale\" content=\"fi_FI\" \/>\n<meta property=\"og:type\" content=\"article\" \/>\n<meta property=\"og:title\" content=\"Varustelistaa syksyn vaellukselle - Kairanvaellus\" \/>\n<meta property=\"og:description\" content=\"Netist\u00e4 l\u00f6ytyy paljon hyvi\u00e4 pakkauslistoja ja t\u00e4m\u00e4 on oma listani, joka muokkautuu aina kohteen ja vuodenajan mukaan. Linkki Partioaitan varustelistaan 9601_varustelista-viikon-vaellukselle.pdf T\u00e4t\u00e4 linkki\u00e4 ei ole jaettu kaupallisessa tarkoituksessa. Rinkka ja sadesuoja Isomman rinkan kanssa p\u00e4rj\u00e4\u00e4 aina. Rinkan ulkopuolelle pakkaaminen muuttaa aina hieman painopistett\u00e4 ja ulkopuolelle pakatut varusteet likaantuu helpommin ja j\u00e4\u00e4 kiinni oksiin. Selvit\u00e4 my\u00f6s, [&hellip;]\" \/>\n<meta property=\"og:url\" content=\"https:\/\/www.kairanvaellus.fi\/?page_id=426\" \/>\n<meta property=\"og:site_name\" content=\"Kairanvaellus\" \/>\n<meta property=\"article:modified_time\" content=\"2026-02-17T11:18:39+00:00\" \/>\n<meta property=\"og:image\" content=\"https:\/\/www.kairanvaellus.fi\/wp-content\/uploads\/2026\/02\/20241224_085627.jpg\" \/>\n\t<meta property=\"og:image:width\" content=\"1600\" \/>\n\t<meta property=\"og:image:height\" content=\"720\" \/>\n\t<meta property=\"og:image:type\" content=\"image\/jpeg\" \/>\n<meta name=\"twitter:card\" content=\"summary_large_image\" \/>\n<meta name=\"twitter:label1\" content=\"Arvioitu lukuaika\" \/>\n\t<meta name=\"twitter:data1\" content=\"1 minuutti\" \/>\n<script type=\"application\/ld+json\" class=\"yoast-schema-graph\">{\"@context\":\"https:\\\/\\\/schema.org\",\"@graph\":[{\"@type\":\"WebPage\",\"@id\":\"https:\\\/\\\/www.kairanvaellus.fi\\\/?page_id=426\",\"url\":\"https:\\\/\\\/www.kairanvaellus.fi\\\/?page_id=426\",\"name\":\"Varustelistaa syksyn vaellukselle - Kairanvaellus\",\"isPartOf\":{\"@id\":\"https:\\\/\\\/www.kairanvaellus.fi\\\/#website\"},\"primaryImageOfPage\":{\"@id\":\"https:\\\/\\\/www.kairanvaellus.fi\\\/?page_id=426#primaryimage\"},\"image\":{\"@id\":\"https:\\\/\\\/www.kairanvaellus.fi\\\/?page_id=426#primaryimage\"},\"thumbnailUrl\":\"https:\\\/\\\/www.kairanvaellus.fi\\\/wp-content\\\/uploads\\\/2026\\\/02\\\/20241224_085627.jpg\",\"datePublished\":\"2026-02-17T10:48:24+00:00\",\"dateModified\":\"2026-02-17T11:18:39+00:00\",\"breadcrumb\":{\"@id\":\"https:\\\/\\\/www.kairanvaellus.fi\\\/?page_id=426#breadcrumb\"},\"inLanguage\":\"fi\",\"potentialAction\":[{\"@type\":\"ReadAction\",\"target\":[\"https:\\\/\\\/www.kairanvaellus.fi\\\/?page_id=426\"]}]},{\"@type\":\"ImageObject\",\"inLanguage\":\"fi\",\"@id\":\"https:\\\/\\\/www.kairanvaellus.fi\\\/?page_id=426#primaryimage\",\"url\":\"https:\\\/\\\/www.kairanvaellus.fi\\\/wp-content\\\/uploads\\\/2026\\\/02\\\/20241224_085627.jpg\",\"contentUrl\":\"https:\\\/\\\/www.kairanvaellus.fi\\\/wp-content\\\/uploads\\\/2026\\\/02\\\/20241224_085627.jpg\",\"width\":1600,\"height\":720},{\"@type\":\"BreadcrumbList\",\"@id\":\"https:\\\/\\\/www.kairanvaellus.fi\\\/?page_id=426#breadcrumb\",\"itemListElement\":[{\"@type\":\"ListItem\",\"position\":1,\"name\":\"Etusivu\",\"item\":\"https:\\\/\\\/www.kairanvaellus.fi\\\/\"},{\"@type\":\"ListItem\",\"position\":2,\"name\":\"Varustelistaa syksyn vaellukselle\"}]},{\"@type\":\"WebSite\",\"@id\":\"https:\\\/\\\/www.kairanvaellus.fi\\\/#website\",\"url\":\"https:\\\/\\\/www.kairanvaellus.fi\\\/\",\"name\":\"Kairanvaellus\",\"description\":\"Opastetut vaellukset Lapin er&auml;mailla ja kansallispuistoissa\",\"alternateName\":\"Kairanvaellus\",\"potentialAction\":[{\"@type\":\"SearchAction\",\"target\":{\"@type\":\"EntryPoint\",\"urlTemplate\":\"https:\\\/\\\/www.kairanvaellus.fi\\\/?s={search_term_string}\"},\"query-input\":{\"@type\":\"PropertyValueSpecification\",\"valueRequired\":true,\"valueName\":\"search_term_string\"}}],\"inLanguage\":\"fi\"}]}<\/script>\n<!-- \/ Yoast SEO plugin. -->","yoast_head_json":{"title":"Varustelistaa syksyn vaellukselle - Kairanvaellus","robots":{"index":"index","follow":"follow","max-snippet":"max-snippet:-1","max-image-preview":"max-image-preview:large","max-video-preview":"max-video-preview:-1"},"canonical":"https:\/\/www.kairanvaellus.fi\/?page_id=426","og_locale":"fi_FI","og_type":"article","og_title":"Varustelistaa syksyn vaellukselle - Kairanvaellus","og_description":"Netist\u00e4 l\u00f6ytyy paljon hyvi\u00e4 pakkauslistoja ja t\u00e4m\u00e4 on oma listani, joka muokkautuu aina kohteen ja vuodenajan mukaan. Linkki Partioaitan varustelistaan 9601_varustelista-viikon-vaellukselle.pdf T\u00e4t\u00e4 linkki\u00e4 ei ole jaettu kaupallisessa tarkoituksessa. Rinkka ja sadesuoja Isomman rinkan kanssa p\u00e4rj\u00e4\u00e4 aina. Rinkan ulkopuolelle pakkaaminen muuttaa aina hieman painopistett\u00e4 ja ulkopuolelle pakatut varusteet likaantuu helpommin ja j\u00e4\u00e4 kiinni oksiin. Selvit\u00e4 my\u00f6s, [&hellip;]","og_url":"https:\/\/www.kairanvaellus.fi\/?page_id=426","og_site_name":"Kairanvaellus","article_modified_time":"2026-02-17T11:18:39+00:00","og_image":[{"width":1600,"height":720,"url":"https:\/\/www.kairanvaellus.fi\/wp-content\/uploads\/2026\/02\/20241224_085627.jpg","type":"image\/jpeg"}],"twitter_card":"summary_large_image","twitter_misc":{"Arvioitu lukuaika":"1 minuutti"},"schema":{"@context":"https:\/\/schema.org","@graph":[{"@type":"WebPage","@id":"https:\/\/www.kairanvaellus.fi\/?page_id=426","url":"https:\/\/www.kairanvaellus.fi\/?page_id=426","name":"Varustelistaa syksyn vaellukselle - Kairanvaellus","isPartOf":{"@id":"https:\/\/www.kairanvaellus.fi\/#website"},"primaryImageOfPage":{"@id":"https:\/\/www.kairanvaellus.fi\/?page_id=426#primaryimage"},"image":{"@id":"https:\/\/www.kairanvaellus.fi\/?page_id=426#primaryimage"},"thumbnailUrl":"https:\/\/www.kairanvaellus.fi\/wp-content\/uploads\/2026\/02\/20241224_085627.jpg","datePublished":"2026-02-17T10:48:24+00:00","dateModified":"2026-02-17T11:18:39+00:00","breadcrumb":{"@id":"https:\/\/www.kairanvaellus.fi\/?page_id=426#breadcrumb"},"inLanguage":"fi","potentialAction":[{"@type":"ReadAction","target":["https:\/\/www.kairanvaellus.fi\/?page_id=426"]}]},{"@type":"ImageObject","inLanguage":"fi","@id":"https:\/\/www.kairanvaellus.fi\/?page_id=426#primaryimage","url":"https:\/\/www.kairanvaellus.fi\/wp-content\/uploads\/2026\/02\/20241224_085627.jpg","contentUrl":"https:\/\/www.kairanvaellus.fi\/wp-content\/uploads\/2026\/02\/20241224_085627.jpg","width":1600,"height":720},{"@type":"BreadcrumbList","@id":"https:\/\/www.kairanvaellus.fi\/?page_id=426#breadcrumb","itemListElement":[{"@type":"ListItem","position":1,"name":"Etusivu","item":"https:\/\/www.kairanvaellus.fi\/"},{"@type":"ListItem","position":2,"name":"Varustelistaa syksyn vaellukselle"}]},{"@type":"WebSite","@id":"https:\/\/www.kairanvaellus.fi\/#website","url":"https:\/\/www.kairanvaellus.fi\/","name":"Kairanvaellus","description":"Opastetut vaellukset Lapin er&auml;mailla ja kansallispuistoissa","alternateName":"Kairanvaellus","potentialAction":[{"@type":"SearchAction","target":{"@type":"EntryPoint","urlTemplate":"https:\/\/www.kairanvaellus.fi\/?s={search_term_string}"},"query-input":{"@type":"PropertyValueSpecification","valueRequired":true,"valueName":"search_term_string"}}],"inLanguage":"fi"}]}},"_links":{"self":[{"href":"https:\/\/www.kairanvaellus.fi\/index.php?rest_route=\/wp\/v2\/pages\/426","targetHints":{"allow":["GET"]}}],"collection":[{"href":"https:\/\/www.kairanvaellus.fi\/index.php?rest_route=\/wp\/v2\/pages"}],"about":[{"href":"https:\/\/www.kairanvaellus.fi\/index.php?rest_route=\/wp\/v2\/types\/page"}],"author":[{"embeddable":true,"href":"https:\/\/www.kairanvaellus.fi\/index.php?rest_route=\/wp\/v2\/users\/1"}],"replies":[{"embeddable":true,"href":"https:\/\/www.kairanvaellus.fi\/index.php?rest_route=%2Fwp%2Fv2%2Fcomments&post=426"}],"version-history":[{"count":12,"href":"https:\/\/www.kairanvaellus.fi\/index.php?rest_route=\/wp\/v2\/pages\/426\/revisions"}],"predecessor-version":[{"id":451,"href":"https:\/\/www.kairanvaellus.fi\/index.php?rest_route=\/wp\/v2\/pages\/426\/revisions\/451"}],"wp:featuredmedia":[{"embeddable":true,"href":"https:\/\/www.kairanvaellus.fi\/index.php?rest_route=\/wp\/v2\/media\/427"}],"wp:attachment":[{"href":"https:\/\/www.kairanvaellus.fi\/index.php?rest_route=%2Fwp%2Fv2%2Fmedia&parent=426"}],"curies":[{"name":"wp","href":"https:\/\/api.w.org\/{rel}","templated":true}]}}