{"id":53,"date":"2024-12-18T13:38:39","date_gmt":"2024-12-18T13:38:39","guid":{"rendered":"https:\/\/www.kairanvaellus.fi\/?page_id=53"},"modified":"2026-04-07T11:51:59","modified_gmt":"2026-04-07T11:51:59","slug":"kairanvaellus-vaelluskohteet-paistunturi-muotkatunturi-opastettu-ohjattu-ohjatut-opastetut","status":"publish","type":"page","link":"https:\/\/www.kairanvaellus.fi\/?page_id=53","title":{"rendered":"Vaelluskohteet"},"content":{"rendered":"\n<p class=\"has-medium-font-size\"><strong>Jokainen on erillainen<\/strong><\/p>\n\n\n\n<p class=\"has-medium-font-size\">Jokainen vaellukohde on omanlaisensa ja jokaista leimaa maastollinen erillaisuus. Listaltani puuttuu mm. sellaiset kohtee kuin K\u00e4sivaren er\u00e4maa, V\u00e4ts\u00e4ri, Hammastunturi, Lemmenjoki ja muuta muu isompi alue. Ehk\u00e4 niist\u00e4kin saan jossain kohtaa kirjoiteltu omat osiot. <\/p>\n\n\n\n<p class=\"has-medium-font-size\">Toki monet etel\u00e4isen Suomen kohteet, kuten Seitseminen, Helvetinj\u00e4rvi, Repovesi, Salamaj\u00e4rvi, Liesj\u00e4rvi jne, on tullut kieretty\u00e4 useampaan kertaan Tampereella asuessani. <\/p>\n\n\n\n<p class=\"has-medium-font-size\">UKK-puiston suojaisuus, vanhat aihkimets\u00e4t, tunturit ja kairan puolella oman rauhan saaminen vet\u00e4\u00e4 aina puoleensa. T\u00e4\u00e4ll\u00e4 p\u00e4\u00e4see piiloon muilta kulkijoilta ja kuitenkin aina p\u00e4\u00e4see valitsemaan leiripaikan parhailla maisemilla. UKK-puistossa kannattaa k\u00e4ytt\u00e4\u00e4 vakiintuneita kulku-uria, polkuja. Vaikka viitoitettuja reittej\u00e4 ei ole, niin isoimmat polut viev\u00e4t aina perille. UKK-puiston suosio on kasvanut viime vuosina paljon, joten omat tulevat vaellukset suuntautuu jatkossa toisiin paikkoihin.<\/p>\n\n\n\n<p class=\"has-medium-font-size\">Muotka- ja Paistunturista on muodostunut itselleni uudet suosikkikohteet. N\u00e4iden molempien kohteiden tunturiyl\u00e4ng\u00f6t ja rauha on se, mik\u00e4 saa mielen kirkastumaan ja samalla ymm\u00e4rt\u00e4m\u00e4\u00e4n sen, ett\u00e4 luonto p\u00e4j\u00e4\u00e4 ilman meit\u00e4, mutta me emme ilman luontoa. Muotka- ja Paistunturi vaatii enemm\u00e4n etuk\u00e4teissuunnittelua jokaiselle vaellukselle. N\u00e4iss\u00e4 kohteissa vesi\u00e4 ei ole saatavilla yht\u00e4 mutkattomasti kuin esim. UKK-puistossa. Jatkossa ohjatut vaellukset tulee suuntautumaan n\u00e4ille kahdelle mahtavalle alueelle.<\/p>\n\n\n\n<p class=\"has-medium-font-size\">Kaldoaivi tulee olemaan minulle se paikka, johon tulen tulevaisuudessa tutustumaan enemm\u00e4nkin. Yhden pidemm\u00e4n vaelluksen innoittamana totesin, ett\u00e4 sill\u00e4 on omat erityispiirteens\u00e4, mit\u00e4 ei muualta juurikaan ly\u00f6dy. Puhuttelevimmat hetket koin palsasoiden \u00e4\u00e4rell\u00e4. Palsasuo etel\u00e4raja on ikiroudan ikiroudan etel\u00e4raja, ja t\u00e4m\u00e4 rajaa tulee ik\u00e4v\u00e4 kyll\u00e4 siirtym\u00e4\u00e4n aina vain ylemm\u00e4ksi.<\/p>\n\n\n\n<p><a href=\"https:\/\/www.kairanvaellus.fi\/?page_id=112\">Paistunturi<\/a><\/p>\n\n\n\n<p><a href=\"https:\/\/www.kairanvaellus.fi\/?page_id=123\">UKK-puisto<\/a><\/p>\n\n\n\n<p><a href=\"https:\/\/www.kairanvaellus.fi\/?page_id=126\">Muotkatunturi<\/a><\/p>\n\n\n\n<p><a href=\"https:\/\/www.kairanvaellus.fi\/?page_id=134\">Kaldoaivi<\/a><\/p>\n\n\n\n<p class=\"has-white-color has-text-color has-link-color wp-elements-93e3203250942beb63a4b2831e7868c6\">Ohjattu vaellus, ohjatut vaellukset, opastettu vaellus, opastetut vaellukset, vaellukset lapissa.<\/p>\n\n\n\n<p class=\"has-medium-font-size\"><strong>Syksyn 2026 ohjatut vaellukset<\/strong><\/p>\n\n\n\n<p><a href=\"https:\/\/www.kairanvaellus.fi\/?page_id=277\" target=\"_blank\" rel=\"noreferrer noopener\">Paistunturi<\/a><\/p>\n\n\n\n<p><a href=\"https:\/\/www.kairanvaellus.fi\/?page_id=285\" target=\"_blank\" rel=\"noreferrer noopener\">Muotkatunturi<\/a><\/p>\n\n\n\n<p><\/p>\n","protected":false},"excerpt":{"rendered":"<p>Jokainen on erillainen Jokainen vaellukohde on omanlaisensa ja jokaista leimaa maastollinen erillaisuus. Listaltani puuttuu mm. sellaiset kohtee kuin K\u00e4sivaren er\u00e4maa, V\u00e4ts\u00e4ri, Hammastunturi, Lemmenjoki ja muuta muu isompi alue. Ehk\u00e4 niist\u00e4kin saan jossain kohtaa kirjoiteltu omat osiot. Toki monet etel\u00e4isen Suomen kohteet, kuten Seitseminen, Helvetinj\u00e4rvi, Repovesi, Salamaj\u00e4rvi, Liesj\u00e4rvi jne, on tullut kieretty\u00e4 useampaan kertaan Tampereella asuessani. [&hellip;]<\/p>\n","protected":false},"author":1,"featured_media":0,"parent":0,"menu_order":0,"comment_status":"closed","ping_status":"closed","template":"","meta":{"footnotes":""},"class_list":["post-53","page","type-page","status-publish","czr-hentry"],"yoast_head":"<!-- This site is optimized with the Yoast SEO plugin v27.3 - https:\/\/yoast.com\/product\/yoast-seo-wordpress\/ -->\n<title>Vaelluskohteet - Kairanvaellus<\/title>\n<meta name=\"description\" content=\"Mieleenpainuvimmat opastetut vaelluskohteet Lapissa. T\u00e4t\u00e4 er\u00e4maan rauhaa ei muualla p\u00e4\u00e4se kokemaan. L\u00e4hde mukaan ohjatulle vaellukselle.\" \/>\n<meta name=\"robots\" content=\"index, follow, max-snippet:-1, max-image-preview:large, max-video-preview:-1\" \/>\n<link rel=\"canonical\" href=\"https:\/\/www.kairanvaellus.fi\/?page_id=53\" \/>\n<meta property=\"og:locale\" content=\"fi_FI\" \/>\n<meta property=\"og:type\" content=\"article\" \/>\n<meta property=\"og:title\" content=\"Vaelluskohteet - Kairanvaellus\" \/>\n<meta property=\"og:description\" content=\"Mieleenpainuvimmat opastetut vaelluskohteet Lapissa. T\u00e4t\u00e4 er\u00e4maan rauhaa ei muualla p\u00e4\u00e4se kokemaan. L\u00e4hde mukaan ohjatulle vaellukselle.\" \/>\n<meta property=\"og:url\" content=\"https:\/\/www.kairanvaellus.fi\/?page_id=53\" \/>\n<meta property=\"og:site_name\" content=\"Kairanvaellus\" \/>\n<meta property=\"article:modified_time\" content=\"2026-04-07T11:51:59+00:00\" \/>\n<meta name=\"twitter:card\" content=\"summary_large_image\" \/>\n<meta name=\"twitter:label1\" content=\"Arvioitu lukuaika\" \/>\n\t<meta name=\"twitter:data1\" content=\"2 minuuttia\" \/>\n<script type=\"application\/ld+json\" class=\"yoast-schema-graph\">{\"@context\":\"https:\\\/\\\/schema.org\",\"@graph\":[{\"@type\":\"WebPage\",\"@id\":\"https:\\\/\\\/www.kairanvaellus.fi\\\/?page_id=53\",\"url\":\"https:\\\/\\\/www.kairanvaellus.fi\\\/?page_id=53\",\"name\":\"Vaelluskohteet - Kairanvaellus\",\"isPartOf\":{\"@id\":\"https:\\\/\\\/www.kairanvaellus.fi\\\/#website\"},\"datePublished\":\"2024-12-18T13:38:39+00:00\",\"dateModified\":\"2026-04-07T11:51:59+00:00\",\"description\":\"Mieleenpainuvimmat opastetut vaelluskohteet Lapissa. T\u00e4t\u00e4 er\u00e4maan rauhaa ei muualla p\u00e4\u00e4se kokemaan. L\u00e4hde mukaan ohjatulle vaellukselle.\",\"breadcrumb\":{\"@id\":\"https:\\\/\\\/www.kairanvaellus.fi\\\/?page_id=53#breadcrumb\"},\"inLanguage\":\"fi\",\"potentialAction\":[{\"@type\":\"ReadAction\",\"target\":[\"https:\\\/\\\/www.kairanvaellus.fi\\\/?page_id=53\"]}]},{\"@type\":\"BreadcrumbList\",\"@id\":\"https:\\\/\\\/www.kairanvaellus.fi\\\/?page_id=53#breadcrumb\",\"itemListElement\":[{\"@type\":\"ListItem\",\"position\":1,\"name\":\"Etusivu\",\"item\":\"https:\\\/\\\/www.kairanvaellus.fi\\\/\"},{\"@type\":\"ListItem\",\"position\":2,\"name\":\"Vaelluskohteet\"}]},{\"@type\":\"WebSite\",\"@id\":\"https:\\\/\\\/www.kairanvaellus.fi\\\/#website\",\"url\":\"https:\\\/\\\/www.kairanvaellus.fi\\\/\",\"name\":\"Kairanvaellus\",\"description\":\"Opastetut vaellukset Lapin er&auml;mailla ja kansallispuistoissa\",\"alternateName\":\"Kairanvaellus\",\"potentialAction\":[{\"@type\":\"SearchAction\",\"target\":{\"@type\":\"EntryPoint\",\"urlTemplate\":\"https:\\\/\\\/www.kairanvaellus.fi\\\/?s={search_term_string}\"},\"query-input\":{\"@type\":\"PropertyValueSpecification\",\"valueRequired\":true,\"valueName\":\"search_term_string\"}}],\"inLanguage\":\"fi\"}]}<\/script>\n<!-- \/ Yoast SEO plugin. -->","yoast_head_json":{"title":"Vaelluskohteet - Kairanvaellus","description":"Mieleenpainuvimmat opastetut vaelluskohteet Lapissa. T\u00e4t\u00e4 er\u00e4maan rauhaa ei muualla p\u00e4\u00e4se kokemaan. L\u00e4hde mukaan ohjatulle vaellukselle.","robots":{"index":"index","follow":"follow","max-snippet":"max-snippet:-1","max-image-preview":"max-image-preview:large","max-video-preview":"max-video-preview:-1"},"canonical":"https:\/\/www.kairanvaellus.fi\/?page_id=53","og_locale":"fi_FI","og_type":"article","og_title":"Vaelluskohteet - Kairanvaellus","og_description":"Mieleenpainuvimmat opastetut vaelluskohteet Lapissa. T\u00e4t\u00e4 er\u00e4maan rauhaa ei muualla p\u00e4\u00e4se kokemaan. L\u00e4hde mukaan ohjatulle vaellukselle.","og_url":"https:\/\/www.kairanvaellus.fi\/?page_id=53","og_site_name":"Kairanvaellus","article_modified_time":"2026-04-07T11:51:59+00:00","twitter_card":"summary_large_image","twitter_misc":{"Arvioitu lukuaika":"2 minuuttia"},"schema":{"@context":"https:\/\/schema.org","@graph":[{"@type":"WebPage","@id":"https:\/\/www.kairanvaellus.fi\/?page_id=53","url":"https:\/\/www.kairanvaellus.fi\/?page_id=53","name":"Vaelluskohteet - Kairanvaellus","isPartOf":{"@id":"https:\/\/www.kairanvaellus.fi\/#website"},"datePublished":"2024-12-18T13:38:39+00:00","dateModified":"2026-04-07T11:51:59+00:00","description":"Mieleenpainuvimmat opastetut vaelluskohteet Lapissa. T\u00e4t\u00e4 er\u00e4maan rauhaa ei muualla p\u00e4\u00e4se kokemaan. L\u00e4hde mukaan ohjatulle vaellukselle.","breadcrumb":{"@id":"https:\/\/www.kairanvaellus.fi\/?page_id=53#breadcrumb"},"inLanguage":"fi","potentialAction":[{"@type":"ReadAction","target":["https:\/\/www.kairanvaellus.fi\/?page_id=53"]}]},{"@type":"BreadcrumbList","@id":"https:\/\/www.kairanvaellus.fi\/?page_id=53#breadcrumb","itemListElement":[{"@type":"ListItem","position":1,"name":"Etusivu","item":"https:\/\/www.kairanvaellus.fi\/"},{"@type":"ListItem","position":2,"name":"Vaelluskohteet"}]},{"@type":"WebSite","@id":"https:\/\/www.kairanvaellus.fi\/#website","url":"https:\/\/www.kairanvaellus.fi\/","name":"Kairanvaellus","description":"Opastetut vaellukset Lapin er&auml;mailla ja kansallispuistoissa","alternateName":"Kairanvaellus","potentialAction":[{"@type":"SearchAction","target":{"@type":"EntryPoint","urlTemplate":"https:\/\/www.kairanvaellus.fi\/?s={search_term_string}"},"query-input":{"@type":"PropertyValueSpecification","valueRequired":true,"valueName":"search_term_string"}}],"inLanguage":"fi"}]}},"_links":{"self":[{"href":"https:\/\/www.kairanvaellus.fi\/index.php?rest_route=\/wp\/v2\/pages\/53","targetHints":{"allow":["GET"]}}],"collection":[{"href":"https:\/\/www.kairanvaellus.fi\/index.php?rest_route=\/wp\/v2\/pages"}],"about":[{"href":"https:\/\/www.kairanvaellus.fi\/index.php?rest_route=\/wp\/v2\/types\/page"}],"author":[{"embeddable":true,"href":"https:\/\/www.kairanvaellus.fi\/index.php?rest_route=\/wp\/v2\/users\/1"}],"replies":[{"embeddable":true,"href":"https:\/\/www.kairanvaellus.fi\/index.php?rest_route=%2Fwp%2Fv2%2Fcomments&post=53"}],"version-history":[{"count":41,"href":"https:\/\/www.kairanvaellus.fi\/index.php?rest_route=\/wp\/v2\/pages\/53\/revisions"}],"predecessor-version":[{"id":858,"href":"https:\/\/www.kairanvaellus.fi\/index.php?rest_route=\/wp\/v2\/pages\/53\/revisions\/858"}],"wp:attachment":[{"href":"https:\/\/www.kairanvaellus.fi\/index.php?rest_route=%2Fwp%2Fv2%2Fmedia&parent=53"}],"curies":[{"name":"wp","href":"https:\/\/api.w.org\/{rel}","templated":true}]}}