{"id":69,"date":"2024-12-18T13:56:20","date_gmt":"2024-12-18T13:56:20","guid":{"rendered":"https:\/\/www.kairanvaellus.fi\/?page_id=69"},"modified":"2026-04-08T06:35:33","modified_gmt":"2026-04-08T06:35:33","slug":"opastetut-vaellukset","status":"publish","type":"page","link":"https:\/\/www.kairanvaellus.fi\/","title":{"rendered":"Etusivu"},"content":{"rendered":"\n<p class=\"has-text-align-center\" style=\"font-size:22px\">Opastetut vaellukset Lapin kansallispuistoissa, kairoissa ja avotuntureissa.<\/p>\n\n\n\n<figure class=\"wp-block-image size-full is-style-rounded\"><img loading=\"lazy\" decoding=\"async\" width=\"4000\" height=\"1800\" src=\"https:\/\/www.kairanvaellus.fi\/wp-content\/uploads\/2024\/12\/20240711_074915.jpg\" alt=\"opastetut vaellukset. virtaava vesi tarjoaa puhdasta juotavaa.\" class=\"wp-image-32\"\/><\/figure>\n\n\n\n<p class=\"has-text-align-center\" style=\"font-size:17px\">Opastetulla vaelluksella saat kokea, ett\u00e4 milt\u00e4 tuntuu astua tunturiyl\u00e4ng\u00f6lle, kyykisty\u00e4 ottamaan vett\u00e4 purosta ja nauttia luonnon t\u00e4ydellisest\u00e4 hiljaisuudesta. Tunturiyl\u00e4ng\u00f6t tarjoaa ainutlaatuisia kohtaamisia luonnon kanssa ja mik\u00e4 paasta, voi tehd\u00e4 sen nyt rennossa porukassa.<\/p>\n\n\n\n<h2 class=\"wp-block-heading has-text-align-center\" style=\"font-size:22px\"><strong>Syksyn 2026 opastetut vaellukset nyt varattavissa<\/strong><\/h2>\n\n\n\n<p class=\"has-text-align-center\"><a data-type=\"page\" data-id=\"277\" href=\"https:\/\/www.kairanvaellus.fi\/?page_id=277\">Paistunturin rauhaa 30.8.-4.9.2026<\/a> &#8211; <a data-type=\"page\" data-id=\"285\" href=\"https:\/\/www.kairanvaellus.fi\/?page_id=285\">Mutka Muotkalla 6.9.-11.9.2026<\/a><\/p>\n\n\n\n<p class=\"has-text-align-center\" style=\"font-size:17px\">L\u00e4hde mukaan vaellukselle, jossa opas on suunnitellut reitin valmiiksi, miettinyt reitin vaativuuden sopivaksi ja huolehtii ryhm\u00e4l\u00e4isten turvallisuudesta. Opastetut vaellukset on oiva tilaisuus vahvistaa omaa osaamista luonnossa toimimisessa, tai ehk\u00e4 p\u00e4\u00e4st\u00e4 oppimaan kokonaan jotain uutta. Turvallisuus on aina merkitt\u00e4v\u00e4ss\u00e4 osassa vaelluksia.<\/p>\n\n\n\n<p style=\"font-size:17px\"><strong>Mietitk\u00f6, ett\u00e4 miten p\u00e4rj\u00e4\u00e4t vaelluksella?<\/strong> Lue t\u00e4st\u00e4 lyhyt oppim\u00e4\u00e4r\u00e4 vaellukselle valmistautumisesta. <a href=\"https:\/\/www.kairanvaellus.fi\/?page_id=800\" type=\"link\" id=\"https:\/\/www.kairanvaellus.fi\/?page_id=800\">Lyhyt oppim\u00e4\u00e4r\u00e4 vaellukselle osallistumisesta<\/a><\/p>\n\n\n\n<p class=\"has-text-align-center\" style=\"font-size:17px\"><strong>Voiko vaellukselle osallistua kuka tahansa?<\/strong> Kyll\u00e4 voi! N\u00e4ille vaelluksille ovat kaikki tervetulleita, sukupuoleen katsomatta, kunhan on t\u00e4ysi-ik\u00e4inen.<\/p>\n\n\n\n<p class=\"has-text-align-center\" style=\"font-size:17px\"><strong>Mit\u00e4 varusteita vaelluksella pit\u00e4\u00e4 olla mukana?<\/strong> Kaikkea ei tarvitse l\u00f6yty\u00e4 omasta hyllyst\u00e4. Jos haluat kokeilla jotain uutta tai et t\u00e4ss\u00e4 kohtaa suunnittele ostavasi omia, niin yleisimm\u00e4t ja kalleimmat varusteet voi my\u00f6s vuokrata meilt\u00e4.<\/p>\n\n\n\n<p class=\"has-text-align-center\" style=\"font-size:17px\"> Varusteita vuokrataan vain opastetulle vaellukselle osallistuville. <a href=\"https:\/\/www.kairanvaellus.fi\/?page_id=490\">Lainattavat varusteet<\/a><\/p>\n\n\n\n<p class=\"has-text-align-center has-medium-font-size\"><strong>J\u00e4ik\u00f6 jokin mietittym\u00e4\u00e4n?<\/strong> Ole yhteydess\u00e4 matalalla kynnyksell\u00e4 <a href=\"mailto:kairanvaellus@gmail.com\">kairanvaellus@gmail.com<\/a> tai soita: 0401303264<\/p>\n\n\n\n<figure class=\"wp-block-image size-large is-style-rounded\"><img loading=\"lazy\" decoding=\"async\" width=\"1024\" height=\"462\" src=\"https:\/\/www.kairanvaellus.fi\/wp-content\/uploads\/2026\/02\/20230904_194343-1024x462.jpg\" alt=\"Opastetut vaellukset. Kuljemme avotunturissa.\" class=\"wp-image-501\" srcset=\"https:\/\/www.kairanvaellus.fi\/wp-content\/uploads\/2026\/02\/20230904_194343-1024x462.jpg 1024w, https:\/\/www.kairanvaellus.fi\/wp-content\/uploads\/2026\/02\/20230904_194343-300x135.jpg 300w, https:\/\/www.kairanvaellus.fi\/wp-content\/uploads\/2026\/02\/20230904_194343-768x346.jpg 768w, https:\/\/www.kairanvaellus.fi\/wp-content\/uploads\/2026\/02\/20230904_194343-1536x692.jpg 1536w, https:\/\/www.kairanvaellus.fi\/wp-content\/uploads\/2026\/02\/20230904_194343-2048x923.jpg 2048w, https:\/\/www.kairanvaellus.fi\/wp-content\/uploads\/2026\/02\/20230904_194343-1110x500.jpg 1110w\" sizes=\"auto, (max-width: 1024px) 100vw, 1024px\" \/><\/figure>\n\n\n\n<p class=\"has-text-align-center\" style=\"font-size:17px\">Lue t\u00e4\u00e4lt\u00e4 hyvi\u00e4 vinkkej\u00e4 lyhyemm\u00e4n ja pidemm\u00e4n reissun avuksi: <a href=\"https:\/\/www.luontoon.fi\/fi\/lajit\/retkeily-ja-ulkoilu\/vinkit\/retkiruoka\">Retkiruoka &#8211; Retkeilyvinkit &#8211; Luontoon<\/a><\/p>\n\n\n\n<p class=\"has-text-align-center\" style=\"font-size:17px\">EDENRED -virikemaksumahdollisuus on tulossa kev\u00e4\u00e4n 2026 aikana.<\/p>\n\n\n\n<p class=\"has-white-color has-text-color has-link-color wp-elements-7e4ac651328708ea719ac0894fa30934\">.<\/p>\n\n\n\n<p class=\"has-white-color has-text-color has-link-color wp-elements-7e4ac651328708ea719ac0894fa30934\">.<\/p>\n\n\n\n<p class=\"has-white-color has-text-color has-link-color wp-elements-7e4ac651328708ea719ac0894fa30934\">.<\/p>\n\n\n\n<p class=\"has-white-color has-text-color has-link-color wp-elements-7e4ac651328708ea719ac0894fa30934\">.<\/p>\n\n\n\n<p class=\"has-text-align-center\">Kairanvaellus 2966416-9, Kiehismutka 2, 96910 Rovaniemi, 0401303264 <\/p>\n","protected":false},"excerpt":{"rendered":"<p>Opastetut vaellukset Lapin kansallispuistoissa, kairoissa ja avotuntureissa. Opastetulla vaelluksella saat kokea, ett\u00e4 milt\u00e4 tuntuu astua tunturiyl\u00e4ng\u00f6lle, kyykisty\u00e4 ottamaan vett\u00e4 purosta ja nauttia luonnon t\u00e4ydellisest\u00e4 hiljaisuudesta. Tunturiyl\u00e4ng\u00f6t tarjoaa ainutlaatuisia kohtaamisia luonnon kanssa ja mik\u00e4 paasta, voi tehd\u00e4 sen nyt rennossa porukassa. Syksyn 2026 opastetut vaellukset nyt varattavissa Paistunturin rauhaa 30.8.-4.9.2026 &#8211; Mutka Muotkalla 6.9.-11.9.2026 L\u00e4hde mukaan [&hellip;]<\/p>\n","protected":false},"author":1,"featured_media":0,"parent":0,"menu_order":0,"comment_status":"closed","ping_status":"closed","template":"","meta":{"footnotes":""},"class_list":["post-69","page","type-page","status-publish","czr-hentry"],"yoast_head":"<!-- This site is optimized with the Yoast SEO plugin v27.3 - https:\/\/yoast.com\/product\/yoast-seo-wordpress\/ -->\n<title>Etusivu - Kairanvaellus<\/title>\n<meta name=\"description\" content=\"Opastetut vaellukset Lapin kansallispuistoissa, kairoissa ja avotuntureissa. L\u00e4hde kokemaan milt\u00e4 tuntuu astella tunturiyl\u00e4ng\u00f6ll\u00e4.\" \/>\n<meta name=\"robots\" content=\"index, follow, max-snippet:-1, max-image-preview:large, max-video-preview:-1\" \/>\n<link rel=\"canonical\" href=\"https:\/\/www.kairanvaellus.fi\/\" \/>\n<meta property=\"og:locale\" content=\"fi_FI\" \/>\n<meta property=\"og:type\" content=\"article\" \/>\n<meta property=\"og:title\" content=\"Etusivu - Kairanvaellus\" \/>\n<meta property=\"og:description\" content=\"Opastetut vaellukset Lapin kansallispuistoissa, kairoissa ja avotuntureissa. L\u00e4hde kokemaan milt\u00e4 tuntuu astella tunturiyl\u00e4ng\u00f6ll\u00e4.\" \/>\n<meta property=\"og:url\" content=\"https:\/\/www.kairanvaellus.fi\/\" \/>\n<meta property=\"og:site_name\" content=\"Kairanvaellus\" \/>\n<meta property=\"article:modified_time\" content=\"2026-04-08T06:35:33+00:00\" \/>\n<meta property=\"og:image\" content=\"https:\/\/www.kairanvaellus.fi\/wp-content\/uploads\/2024\/12\/20240711_074915.jpg\" \/>\n\t<meta property=\"og:image:width\" content=\"1024\" \/>\n\t<meta property=\"og:image:height\" content=\"461\" \/>\n\t<meta property=\"og:image:type\" content=\"image\/jpeg\" \/>\n<meta name=\"twitter:card\" content=\"summary_large_image\" \/>\n<meta name=\"twitter:label1\" content=\"Arvioitu lukuaika\" \/>\n\t<meta name=\"twitter:data1\" content=\"2 minuuttia\" \/>\n<script type=\"application\/ld+json\" class=\"yoast-schema-graph\">{\"@context\":\"https:\\\/\\\/schema.org\",\"@graph\":[{\"@type\":\"WebPage\",\"@id\":\"https:\\\/\\\/www.kairanvaellus.fi\\\/\",\"url\":\"https:\\\/\\\/www.kairanvaellus.fi\\\/\",\"name\":\"Etusivu - Kairanvaellus\",\"isPartOf\":{\"@id\":\"https:\\\/\\\/www.kairanvaellus.fi\\\/#website\"},\"primaryImageOfPage\":{\"@id\":\"https:\\\/\\\/www.kairanvaellus.fi\\\/#primaryimage\"},\"image\":{\"@id\":\"https:\\\/\\\/www.kairanvaellus.fi\\\/#primaryimage\"},\"thumbnailUrl\":\"https:\\\/\\\/www.kairanvaellus.fi\\\/wp-content\\\/uploads\\\/2024\\\/12\\\/20240711_074915.jpg\",\"datePublished\":\"2024-12-18T13:56:20+00:00\",\"dateModified\":\"2026-04-08T06:35:33+00:00\",\"description\":\"Opastetut vaellukset Lapin kansallispuistoissa, kairoissa ja avotuntureissa. L\u00e4hde kokemaan milt\u00e4 tuntuu astella tunturiyl\u00e4ng\u00f6ll\u00e4.\",\"breadcrumb\":{\"@id\":\"https:\\\/\\\/www.kairanvaellus.fi\\\/#breadcrumb\"},\"inLanguage\":\"fi\",\"potentialAction\":[{\"@type\":\"ReadAction\",\"target\":[\"https:\\\/\\\/www.kairanvaellus.fi\\\/\"]}]},{\"@type\":\"ImageObject\",\"inLanguage\":\"fi\",\"@id\":\"https:\\\/\\\/www.kairanvaellus.fi\\\/#primaryimage\",\"url\":\"https:\\\/\\\/www.kairanvaellus.fi\\\/wp-content\\\/uploads\\\/2024\\\/12\\\/20240711_074915.jpg\",\"contentUrl\":\"https:\\\/\\\/www.kairanvaellus.fi\\\/wp-content\\\/uploads\\\/2024\\\/12\\\/20240711_074915.jpg\",\"width\":4000,\"height\":1800},{\"@type\":\"BreadcrumbList\",\"@id\":\"https:\\\/\\\/www.kairanvaellus.fi\\\/#breadcrumb\",\"itemListElement\":[{\"@type\":\"ListItem\",\"position\":1,\"name\":\"Etusivu\",\"item\":\"https:\\\/\\\/www.kairanvaellus.fi\\\/\"},{\"@type\":\"ListItem\",\"position\":2,\"name\":\"Etusivu\"}]},{\"@type\":\"WebSite\",\"@id\":\"https:\\\/\\\/www.kairanvaellus.fi\\\/#website\",\"url\":\"https:\\\/\\\/www.kairanvaellus.fi\\\/\",\"name\":\"Kairanvaellus\",\"description\":\"Opastetut vaellukset Lapin er&auml;mailla ja kansallispuistoissa\",\"alternateName\":\"Kairanvaellus\",\"potentialAction\":[{\"@type\":\"SearchAction\",\"target\":{\"@type\":\"EntryPoint\",\"urlTemplate\":\"https:\\\/\\\/www.kairanvaellus.fi\\\/?s={search_term_string}\"},\"query-input\":{\"@type\":\"PropertyValueSpecification\",\"valueRequired\":true,\"valueName\":\"search_term_string\"}}],\"inLanguage\":\"fi\"}]}<\/script>\n<!-- \/ Yoast SEO plugin. -->","yoast_head_json":{"title":"Etusivu - Kairanvaellus","description":"Opastetut vaellukset Lapin kansallispuistoissa, kairoissa ja avotuntureissa. L\u00e4hde kokemaan milt\u00e4 tuntuu astella tunturiyl\u00e4ng\u00f6ll\u00e4.","robots":{"index":"index","follow":"follow","max-snippet":"max-snippet:-1","max-image-preview":"max-image-preview:large","max-video-preview":"max-video-preview:-1"},"canonical":"https:\/\/www.kairanvaellus.fi\/","og_locale":"fi_FI","og_type":"article","og_title":"Etusivu - Kairanvaellus","og_description":"Opastetut vaellukset Lapin kansallispuistoissa, kairoissa ja avotuntureissa. L\u00e4hde kokemaan milt\u00e4 tuntuu astella tunturiyl\u00e4ng\u00f6ll\u00e4.","og_url":"https:\/\/www.kairanvaellus.fi\/","og_site_name":"Kairanvaellus","article_modified_time":"2026-04-08T06:35:33+00:00","og_image":[{"url":"https:\/\/www.kairanvaellus.fi\/wp-content\/uploads\/2024\/12\/20240711_074915.jpg","width":1024,"height":461,"type":"image\/jpeg"}],"twitter_card":"summary_large_image","twitter_misc":{"Arvioitu lukuaika":"2 minuuttia"},"schema":{"@context":"https:\/\/schema.org","@graph":[{"@type":"WebPage","@id":"https:\/\/www.kairanvaellus.fi\/","url":"https:\/\/www.kairanvaellus.fi\/","name":"Etusivu - Kairanvaellus","isPartOf":{"@id":"https:\/\/www.kairanvaellus.fi\/#website"},"primaryImageOfPage":{"@id":"https:\/\/www.kairanvaellus.fi\/#primaryimage"},"image":{"@id":"https:\/\/www.kairanvaellus.fi\/#primaryimage"},"thumbnailUrl":"https:\/\/www.kairanvaellus.fi\/wp-content\/uploads\/2024\/12\/20240711_074915.jpg","datePublished":"2024-12-18T13:56:20+00:00","dateModified":"2026-04-08T06:35:33+00:00","description":"Opastetut vaellukset Lapin kansallispuistoissa, kairoissa ja avotuntureissa. L\u00e4hde kokemaan milt\u00e4 tuntuu astella tunturiyl\u00e4ng\u00f6ll\u00e4.","breadcrumb":{"@id":"https:\/\/www.kairanvaellus.fi\/#breadcrumb"},"inLanguage":"fi","potentialAction":[{"@type":"ReadAction","target":["https:\/\/www.kairanvaellus.fi\/"]}]},{"@type":"ImageObject","inLanguage":"fi","@id":"https:\/\/www.kairanvaellus.fi\/#primaryimage","url":"https:\/\/www.kairanvaellus.fi\/wp-content\/uploads\/2024\/12\/20240711_074915.jpg","contentUrl":"https:\/\/www.kairanvaellus.fi\/wp-content\/uploads\/2024\/12\/20240711_074915.jpg","width":4000,"height":1800},{"@type":"BreadcrumbList","@id":"https:\/\/www.kairanvaellus.fi\/#breadcrumb","itemListElement":[{"@type":"ListItem","position":1,"name":"Etusivu","item":"https:\/\/www.kairanvaellus.fi\/"},{"@type":"ListItem","position":2,"name":"Etusivu"}]},{"@type":"WebSite","@id":"https:\/\/www.kairanvaellus.fi\/#website","url":"https:\/\/www.kairanvaellus.fi\/","name":"Kairanvaellus","description":"Opastetut vaellukset Lapin er&auml;mailla ja kansallispuistoissa","alternateName":"Kairanvaellus","potentialAction":[{"@type":"SearchAction","target":{"@type":"EntryPoint","urlTemplate":"https:\/\/www.kairanvaellus.fi\/?s={search_term_string}"},"query-input":{"@type":"PropertyValueSpecification","valueRequired":true,"valueName":"search_term_string"}}],"inLanguage":"fi"}]}},"_links":{"self":[{"href":"https:\/\/www.kairanvaellus.fi\/index.php?rest_route=\/wp\/v2\/pages\/69","targetHints":{"allow":["GET"]}}],"collection":[{"href":"https:\/\/www.kairanvaellus.fi\/index.php?rest_route=\/wp\/v2\/pages"}],"about":[{"href":"https:\/\/www.kairanvaellus.fi\/index.php?rest_route=\/wp\/v2\/types\/page"}],"author":[{"embeddable":true,"href":"https:\/\/www.kairanvaellus.fi\/index.php?rest_route=\/wp\/v2\/users\/1"}],"replies":[{"embeddable":true,"href":"https:\/\/www.kairanvaellus.fi\/index.php?rest_route=%2Fwp%2Fv2%2Fcomments&post=69"}],"version-history":[{"count":133,"href":"https:\/\/www.kairanvaellus.fi\/index.php?rest_route=\/wp\/v2\/pages\/69\/revisions"}],"predecessor-version":[{"id":861,"href":"https:\/\/www.kairanvaellus.fi\/index.php?rest_route=\/wp\/v2\/pages\/69\/revisions\/861"}],"wp:attachment":[{"href":"https:\/\/www.kairanvaellus.fi\/index.php?rest_route=%2Fwp%2Fv2%2Fmedia&parent=69"}],"curies":[{"name":"wp","href":"https:\/\/api.w.org\/{rel}","templated":true}]}}