{"id":800,"date":"2026-04-05T19:57:54","date_gmt":"2026-04-05T19:57:54","guid":{"rendered":"https:\/\/www.kairanvaellus.fi\/?page_id=800"},"modified":"2026-04-05T20:06:08","modified_gmt":"2026-04-05T20:06:08","slug":"opastettu-vaellus-lyhyt-oppimaara","status":"publish","type":"page","link":"https:\/\/www.kairanvaellus.fi\/?page_id=800","title":{"rendered":"Opastettu vaellus, lyhyt oppim\u00e4\u00e4r\u00e4"},"content":{"rendered":"\n<h1 class=\"wp-block-heading has-medium-font-size\"><strong>Opastettu vaellus, haaste vai mahdollisuus<\/strong><\/h1>\n\n\n\n<p class=\"has-text-align-center has-medium-font-size\">Opastettu vaellus saattaa olla monen mieless\u00e4 ja varmaan yht\u00e4 moni pohtii siihen liittyvi\u00e4 asioita ja kysymyksi\u00e4. Moni saattaa mietti\u00e4, ett\u00e4 onko fyysinen kunto riitt\u00e4v\u00e4n hyv\u00e4, onko osaamiseni riitt\u00e4v\u00e4\u00e4, onko riitt\u00e4v\u00e4sti oikeita varusteita tai kuormittuuko liikaa ryhm\u00e4ss\u00e4 kulkiessa. Monet n\u00e4ist\u00e4 asioista on ratkaistavista helpolla, toiset asiat ehk\u00e4 harjoittelemalla ja osa menee sopeutumalla tilanteeseen. Sopeutuminen tilanteeseen koskee vaelluksilla monia eri osa-alueita, vallitsevista keliolosuhteista alkaen.<\/p>\n\n\n\n<h2 class=\"wp-block-heading has-medium-font-size\"><strong>Fyysinen vaativuus<\/strong><\/h2>\n\n\n\n<p class=\"has-text-align-center has-medium-font-size\">Fyysinen kunto. Luonnossa liikkuminen, 15-17 kg rinkka sel\u00e4ss\u00e4, viiten\u00e4 kuutena per\u00e4kk\u00e4isen\u00e4 p\u00e4iv\u00e4n\u00e4 kysyy kuntoa, tai sitten luontoa ja sisua. Mik\u00e4li olet retkeillyt ja tottunut kantamaan hieman painavampaa kuin p\u00e4iv\u00e4reppua sel\u00e4ss\u00e4si, niin olet jo varmasti l\u00e4hell\u00e4 \u201dvaelluskuntoa\u201d. Usein sanotaan, ett\u00e4 hyv\u00e4 peruskunto riitt\u00e4\u00e4 ja t\u00e4m\u00e4 kyll\u00e4 pit\u00e4\u00e4 hyvinkin paikkansa. Onko sitten kuntoa hyv\u00e4 testata ennen pidempikestoista vaellusta? Aivan varmasti on. Kannattaa kuitenkin muistaa, ett\u00e4 ei maratoonari juokse maratoneja harjoitellessaan maratonille. Eli totuttelu lyhyill\u00e4kin matkoilla t\u00e4ysipainoisella rinkalla riitt\u00e4\u00e4. Usein muutama ensimm\u00e4inen p\u00e4iv\u00e4 saattaa olla haastava ja paikkoja kolottaa. Sen j\u00e4lkeen kroppa alkaa tottumaan ja askel kevenem\u00e4\u00e4n.<\/p>\n\n\n\n<p class=\"has-text-align-center has-medium-font-size\">Jos vaellusp\u00e4iv\u00e4n aikana ollaan liikkeell\u00e4, vaikka kahdeksan tuntia, niin todenn\u00e4k\u00f6isesti rinkka on sel\u00e4ss\u00e4 noin kuuden tunnin ajan tuosta kahdeksasta tunnista. Maastosta riippuen tuossa kuuden tunnin kuluessa saatetaan hyvinkin menn\u00e4 12-15 km, joka on varsin mukava vauhti nautittavalla vaelluksella.<\/p>\n\n\n\n<h2 class=\"wp-block-heading has-medium-font-size\"><strong>Osaaminen<\/strong><\/h2>\n\n\n\n<p class=\"has-text-align-center has-medium-font-size\">Millek\u00e4\u00e4n pidemm\u00e4lle vaellukselle ei tule l\u00e4hte\u00e4 osaamattomana. Paras tapa hakea kokemusta ja osaamista on tehd\u00e4 l\u00e4hipaikkoihin yhden y\u00f6n kest\u00e4vi\u00e4 reissuja. Muutamien reissujen j\u00e4lkeen p\u00e4\u00e4set pident\u00e4m\u00e4\u00e4n retki\u00e4si muutaman y\u00f6n kest\u00e4viin. Lyhyell\u00e4 oppim\u00e4\u00e4r\u00e4ll\u00e4 voisi sanoa, ett\u00e4 kuuden p\u00e4iv\u00e4n vaellus on yht\u00e4 kuin muutaman y\u00f6n kest\u00e4v\u00e4n retken asioiden suhteuttaminen pidempikestoiseen vaellukseen. Pidempikestoinen vaellus vaatii tietysti todella paljon enemm\u00e4n suunnittelemista, kohteeseen tutustumista, varautumista, tiedonhankintaa jne. Opastetulle vaellukselle voit kuitenkin l\u00e4hte\u00e4, kun varusteiden k\u00e4ytt\u00e4minen on sinulle tuttua. Ennen vaellusta pidett\u00e4v\u00e4 teams-tapaamisessa saat tukevan infon vaelluskohteen erityisvaatimuksista, joten sinulle j\u00e4\u00e4 hyvin aikaa valmistautua.<\/p>\n\n\n\n<h2 class=\"wp-block-heading has-medium-font-size\"><strong>Varusteet<\/strong><\/h2>\n\n\n\n<p class=\"has-text-align-center has-medium-font-size\">Jos edess\u00e4si on ensimm\u00e4inen pidempikestoinen vaellus ja mietit olemassa olevien varusteiden sopivuutta tulevaan vaellukseen, niin oppaanasi olen t\u00e4ss\u00e4kin kohtaa apuna. Pidemm\u00e4lle vaellukselle k\u00e4y samat varusteet, mitk\u00e4 sinulla muutaman y\u00f6n kestoisilla retkill\u00e4. Rinkka tietenkin pit\u00e4\u00e4 olla isompi. Pit\u00e4\u00e4 my\u00f6s huomioida, ett\u00e4 ehk\u00e4 ruuanteko ei ole samanlaisissa puitteissa kuin hyvin varustetuissa retkeilypaikoissa. Vaelluksilla ei p\u00e4\u00e4se kokkailemaan tulilla, vaan ruuat tehd\u00e4\u00e4n kaasulla toimivilla keittimill\u00e4. Edes risukeitint\u00e4 ei kannata vaellukselle ottaa mukaan, koska se on k\u00e4ytt\u00f6kelvoton mets\u00e4palovaroituksen aikaan. <\/p>\n\n\n\n<p class=\"has-text-align-center has-medium-font-size\">My\u00f6s vuodenaika tuo omat vaatimuksensa mukanaan, eli syksyll\u00e4 pit\u00e4\u00e4 mukana olla hieman l\u00e4mp\u00f6isempi makuupussi kuin keskikes\u00e4ll\u00e4. Syksyn kaunis ruska-aika voi olla my\u00f6s oikukas ja l\u00e4mp\u00f6isi\u00e4 v\u00e4rej\u00e4 viile\u00e4mpi. Kannattaa my\u00f6s muistaa, ett\u00e4 nyky\u00e4\u00e4n saa aika helpolla vuokrattua varusteita, jos ei halua investoida omiin. Vuokrattavista varusteista rinkka lienee kriittisin. Rinkan pit\u00e4\u00e4 istua kantajalleen mahdollisimman hyvin. Ep\u00e4mukava ja huonosti istuva rinkka rasittaa kantajaa turhaan. Siksi suosittelenkin, ett\u00e4 rinkka on hyv\u00e4 olla oma. My\u00f6s keng\u00e4t pit\u00e4\u00e4 olla hyviss\u00e4 ajoin &#8221;sis\u00e4\u00e4n ajetut&#8221;. <\/p>\n\n\n\n<p class=\"has-text-align-center has-medium-font-size\">Keitin, teltta, makuupussi, alusta jne. ovat sellaisia, joita voi huoletta ottaa vuokralle. Ammattimaisesti vuokraavat yritykset antavat opastuksen tai mukana pit\u00e4isi tulla kunnolliset k\u00e4ytt\u00f6ohjeet.<\/p>\n\n\n\n<h2 class=\"wp-block-heading has-medium-font-size\"><strong>Osana ryhm\u00e4\u00e4<\/strong><\/h2>\n\n\n\n<p class=\"has-text-align-center has-medium-font-size\">Vaelluksilla kuljetaan aina ryhm\u00e4n\u00e4, vaikka jokainen saa olla omissa oloissaan, jos niin haluaa. Luonnon rauha ja omat ajatukset saa vied\u00e4 menness\u00e4\u00e4n. Kenenk\u00e4\u00e4n ei tarvitse olla sen sosiaalisempi kuin on muutenkaan, mutta ryhm\u00e4 pn kuitenkin jokaisen turvaverkko. Toisia kanssakulkijoita kunnioitetaan, toimitaan ryhm\u00e4n\u00e4 ja toisen apuna, jos tilanne niin vaatii. Onneksi ryhmiss\u00e4 tuppaa olemaan kovinkin saman henkisi\u00e4, koska yhteisen asian \u00e4\u00e4rell\u00e4 ollaan. <\/p>\n\n\n\n<h2 class=\"wp-block-heading has-medium-font-size\"><strong>Miksi mukaan opastetulle vaellukselle?<\/strong><\/h2>\n\n\n\n<p class=\"has-text-align-center has-medium-font-size\">Opastetulla vaelluksella saat enemm\u00e4n kuin vain reittioppaan. Opas huolehtii  aikatauluista, turvallisuudesta ja reittivalinnoista, jotta sin\u00e4 voit keskitty\u00e4 siihen olennaiseen: luonnosta nauttimiseen ja omiin ajatuksiisi.<\/p>\n\n\n\n<p class=\"has-text-align-center has-medium-font-size\">Er\u00e4opas on apunasi heti ilmoittautumisesta l\u00e4htien. Olipa kyse varustevalinnoista tai ruokavinkeist\u00e4, kysy rohkeasti! <\/p>\n\n\n\n<p class=\"has-text-align-center has-large-font-size\">Vaellukselle l\u00e4hdet\u00e4\u00e4n nauttimaan, ei selviytym\u00e4\u00e4n.<\/p>\n","protected":false},"excerpt":{"rendered":"<p>Opastettu vaellus, haaste vai mahdollisuus Opastettu vaellus saattaa olla monen mieless\u00e4 ja varmaan yht\u00e4 moni pohtii siihen liittyvi\u00e4 asioita ja kysymyksi\u00e4. Moni saattaa mietti\u00e4, ett\u00e4 onko fyysinen kunto riitt\u00e4v\u00e4n hyv\u00e4, onko osaamiseni riitt\u00e4v\u00e4\u00e4, onko riitt\u00e4v\u00e4sti oikeita varusteita tai kuormittuuko liikaa ryhm\u00e4ss\u00e4 kulkiessa. Monet n\u00e4ist\u00e4 asioista on ratkaistavista helpolla, toiset asiat ehk\u00e4 harjoittelemalla ja osa menee [&hellip;]<\/p>\n","protected":false},"author":1,"featured_media":0,"parent":0,"menu_order":0,"comment_status":"closed","ping_status":"closed","template":"","meta":{"footnotes":""},"class_list":["post-800","page","type-page","status-publish","czr-hentry"],"yoast_head":"<!-- This site is optimized with the Yoast SEO plugin v27.3 - https:\/\/yoast.com\/product\/yoast-seo-wordpress\/ -->\n<title>Opastettu vaellus, lyhyt oppim\u00e4\u00e4r\u00e4 - Kairanvaellus<\/title>\n<meta name=\"description\" content=\"Opastettu vaellus, miten valmistautua ja miksi l\u00e4hte\u00e4 mukaan. Lue vinkit ja ilmoittaudu mukaan syksyn vaelluksille.\" \/>\n<meta name=\"robots\" content=\"index, follow, max-snippet:-1, max-image-preview:large, max-video-preview:-1\" \/>\n<link rel=\"canonical\" href=\"https:\/\/www.kairanvaellus.fi\/?page_id=800\" \/>\n<meta property=\"og:locale\" content=\"fi_FI\" \/>\n<meta property=\"og:type\" content=\"article\" \/>\n<meta property=\"og:title\" content=\"Opastettu vaellus, lyhyt oppim\u00e4\u00e4r\u00e4 - Kairanvaellus\" \/>\n<meta property=\"og:description\" content=\"Opastettu vaellus, miten valmistautua ja miksi l\u00e4hte\u00e4 mukaan. Lue vinkit ja ilmoittaudu mukaan syksyn vaelluksille.\" \/>\n<meta property=\"og:url\" content=\"https:\/\/www.kairanvaellus.fi\/?page_id=800\" \/>\n<meta property=\"og:site_name\" content=\"Kairanvaellus\" \/>\n<meta property=\"article:modified_time\" content=\"2026-04-05T20:06:08+00:00\" \/>\n<meta name=\"twitter:card\" content=\"summary_large_image\" \/>\n<meta name=\"twitter:label1\" content=\"Arvioitu lukuaika\" \/>\n\t<meta name=\"twitter:data1\" content=\"4 minuuttia\" \/>\n<script type=\"application\/ld+json\" class=\"yoast-schema-graph\">{\"@context\":\"https:\\\/\\\/schema.org\",\"@graph\":[{\"@type\":\"WebPage\",\"@id\":\"https:\\\/\\\/www.kairanvaellus.fi\\\/?page_id=800\",\"url\":\"https:\\\/\\\/www.kairanvaellus.fi\\\/?page_id=800\",\"name\":\"Opastettu vaellus, lyhyt oppim\u00e4\u00e4r\u00e4 - Kairanvaellus\",\"isPartOf\":{\"@id\":\"https:\\\/\\\/www.kairanvaellus.fi\\\/#website\"},\"datePublished\":\"2026-04-05T19:57:54+00:00\",\"dateModified\":\"2026-04-05T20:06:08+00:00\",\"description\":\"Opastettu vaellus, miten valmistautua ja miksi l\u00e4hte\u00e4 mukaan. Lue vinkit ja ilmoittaudu mukaan syksyn vaelluksille.\",\"breadcrumb\":{\"@id\":\"https:\\\/\\\/www.kairanvaellus.fi\\\/?page_id=800#breadcrumb\"},\"inLanguage\":\"fi\",\"potentialAction\":[{\"@type\":\"ReadAction\",\"target\":[\"https:\\\/\\\/www.kairanvaellus.fi\\\/?page_id=800\"]}]},{\"@type\":\"BreadcrumbList\",\"@id\":\"https:\\\/\\\/www.kairanvaellus.fi\\\/?page_id=800#breadcrumb\",\"itemListElement\":[{\"@type\":\"ListItem\",\"position\":1,\"name\":\"Etusivu\",\"item\":\"https:\\\/\\\/www.kairanvaellus.fi\\\/\"},{\"@type\":\"ListItem\",\"position\":2,\"name\":\"Opastettu vaellus, lyhyt oppim\u00e4\u00e4r\u00e4\"}]},{\"@type\":\"WebSite\",\"@id\":\"https:\\\/\\\/www.kairanvaellus.fi\\\/#website\",\"url\":\"https:\\\/\\\/www.kairanvaellus.fi\\\/\",\"name\":\"Kairanvaellus\",\"description\":\"Opastetut vaellukset Lapin er&auml;mailla ja kansallispuistoissa\",\"alternateName\":\"Kairanvaellus\",\"potentialAction\":[{\"@type\":\"SearchAction\",\"target\":{\"@type\":\"EntryPoint\",\"urlTemplate\":\"https:\\\/\\\/www.kairanvaellus.fi\\\/?s={search_term_string}\"},\"query-input\":{\"@type\":\"PropertyValueSpecification\",\"valueRequired\":true,\"valueName\":\"search_term_string\"}}],\"inLanguage\":\"fi\"}]}<\/script>\n<!-- \/ Yoast SEO plugin. -->","yoast_head_json":{"title":"Opastettu vaellus, lyhyt oppim\u00e4\u00e4r\u00e4 - Kairanvaellus","description":"Opastettu vaellus, miten valmistautua ja miksi l\u00e4hte\u00e4 mukaan. Lue vinkit ja ilmoittaudu mukaan syksyn vaelluksille.","robots":{"index":"index","follow":"follow","max-snippet":"max-snippet:-1","max-image-preview":"max-image-preview:large","max-video-preview":"max-video-preview:-1"},"canonical":"https:\/\/www.kairanvaellus.fi\/?page_id=800","og_locale":"fi_FI","og_type":"article","og_title":"Opastettu vaellus, lyhyt oppim\u00e4\u00e4r\u00e4 - Kairanvaellus","og_description":"Opastettu vaellus, miten valmistautua ja miksi l\u00e4hte\u00e4 mukaan. Lue vinkit ja ilmoittaudu mukaan syksyn vaelluksille.","og_url":"https:\/\/www.kairanvaellus.fi\/?page_id=800","og_site_name":"Kairanvaellus","article_modified_time":"2026-04-05T20:06:08+00:00","twitter_card":"summary_large_image","twitter_misc":{"Arvioitu lukuaika":"4 minuuttia"},"schema":{"@context":"https:\/\/schema.org","@graph":[{"@type":"WebPage","@id":"https:\/\/www.kairanvaellus.fi\/?page_id=800","url":"https:\/\/www.kairanvaellus.fi\/?page_id=800","name":"Opastettu vaellus, lyhyt oppim\u00e4\u00e4r\u00e4 - Kairanvaellus","isPartOf":{"@id":"https:\/\/www.kairanvaellus.fi\/#website"},"datePublished":"2026-04-05T19:57:54+00:00","dateModified":"2026-04-05T20:06:08+00:00","description":"Opastettu vaellus, miten valmistautua ja miksi l\u00e4hte\u00e4 mukaan. Lue vinkit ja ilmoittaudu mukaan syksyn vaelluksille.","breadcrumb":{"@id":"https:\/\/www.kairanvaellus.fi\/?page_id=800#breadcrumb"},"inLanguage":"fi","potentialAction":[{"@type":"ReadAction","target":["https:\/\/www.kairanvaellus.fi\/?page_id=800"]}]},{"@type":"BreadcrumbList","@id":"https:\/\/www.kairanvaellus.fi\/?page_id=800#breadcrumb","itemListElement":[{"@type":"ListItem","position":1,"name":"Etusivu","item":"https:\/\/www.kairanvaellus.fi\/"},{"@type":"ListItem","position":2,"name":"Opastettu vaellus, lyhyt oppim\u00e4\u00e4r\u00e4"}]},{"@type":"WebSite","@id":"https:\/\/www.kairanvaellus.fi\/#website","url":"https:\/\/www.kairanvaellus.fi\/","name":"Kairanvaellus","description":"Opastetut vaellukset Lapin er&auml;mailla ja kansallispuistoissa","alternateName":"Kairanvaellus","potentialAction":[{"@type":"SearchAction","target":{"@type":"EntryPoint","urlTemplate":"https:\/\/www.kairanvaellus.fi\/?s={search_term_string}"},"query-input":{"@type":"PropertyValueSpecification","valueRequired":true,"valueName":"search_term_string"}}],"inLanguage":"fi"}]}},"_links":{"self":[{"href":"https:\/\/www.kairanvaellus.fi\/index.php?rest_route=\/wp\/v2\/pages\/800","targetHints":{"allow":["GET"]}}],"collection":[{"href":"https:\/\/www.kairanvaellus.fi\/index.php?rest_route=\/wp\/v2\/pages"}],"about":[{"href":"https:\/\/www.kairanvaellus.fi\/index.php?rest_route=\/wp\/v2\/types\/page"}],"author":[{"embeddable":true,"href":"https:\/\/www.kairanvaellus.fi\/index.php?rest_route=\/wp\/v2\/users\/1"}],"replies":[{"embeddable":true,"href":"https:\/\/www.kairanvaellus.fi\/index.php?rest_route=%2Fwp%2Fv2%2Fcomments&post=800"}],"version-history":[{"count":7,"href":"https:\/\/www.kairanvaellus.fi\/index.php?rest_route=\/wp\/v2\/pages\/800\/revisions"}],"predecessor-version":[{"id":807,"href":"https:\/\/www.kairanvaellus.fi\/index.php?rest_route=\/wp\/v2\/pages\/800\/revisions\/807"}],"wp:attachment":[{"href":"https:\/\/www.kairanvaellus.fi\/index.php?rest_route=%2Fwp%2Fv2%2Fmedia&parent=800"}],"curies":[{"name":"wp","href":"https:\/\/api.w.org\/{rel}","templated":true}]}}